{"id":65,"date":"2026-01-15T13:12:44","date_gmt":"2026-01-15T13:12:44","guid":{"rendered":"https:\/\/www.kosciolwalczacy.pl\/?page_id=65"},"modified":"2026-03-03T09:26:39","modified_gmt":"2026-03-03T09:26:39","slug":"pielgrzymka-kosciola-walczacego","status":"publish","type":"page","link":"https:\/\/www.kosciolwalczacy.pl\/","title":{"rendered":"Strona G\u0142\u00f3wna"},"content":{"rendered":"\n<div class=\"wp-block-cover alignfull has-parallax\" style=\"margin-top:0;margin-bottom:0;padding-top:0;padding-right:0;padding-bottom:0;padding-left:0;min-height:604px;aspect-ratio:unset;\"><div role=\"img\" aria-label=\"Z\u0142ocony miecz o krzy\u017cowym jelcu na tle ciemnej sylwetki zabytkowego ko\u015bcio\u0142a, w z\u0142oto-czarnej kolorystyce.\" class=\"wp-block-cover__image-background wp-image-50 size-full has-parallax\" style=\"background-position:83% 64%;background-image:url(https:\/\/www.kosciolwalczacy.pl\/wp-content\/uploads\/2026\/01\/signal-2026-01-15-133227_002.jpeg)\"><\/div><span aria-hidden=\"true\" class=\"wp-block-cover__background has-theme-palette-3-background-color has-background-dim\"><\/span><div class=\"wp-block-cover__inner-container is-layout-constrained wp-container-core-cover-is-layout-f1253992 wp-block-cover-is-layout-constrained\">\n<p class=\"has-text-align-center has-larger-font-size\" style=\"border-top-left-radius:10px;border-top-right-radius:10px;border-bottom-left-radius:10px;border-bottom-right-radius:10px;font-style:normal;font-weight:700\">Pielgrzymka Ko\u015bcio\u0142a Walcz\u0105cego<\/p>\n\n\n\n<h3 class=\"wp-block-heading has-text-align-center\"><strong>30 maja pielgrzymujemy na \u015awi\u0119ty Krzy\u017c<\/strong><\/h3>\n\n\n\n<div class=\"wp-block-buttons is-content-justification-center is-layout-flex wp-container-core-buttons-is-layout-16018d1d wp-block-buttons-is-layout-flex\">\n<div class=\"wp-block-button is-style-fill\"><a class=\"wp-block-button__link wp-element-button\" href=\"https:\/\/www.kosciolwalczacy.pl\/index.php\/informacje\/zapisy\/\" style=\"border-top-left-radius:10px;border-top-right-radius:10px;border-bottom-left-radius:10px;border-bottom-right-radius:10px;padding-top:var(--wp--preset--spacing--40);padding-right:var(--wp--preset--spacing--60);padding-bottom:var(--wp--preset--spacing--40);padding-left:var(--wp--preset--spacing--60)\">Pielgrzymuj z nami<\/a><\/div>\n<\/div>\n<\/div><\/div>\n\n\n\n<hr class=\"wp-block-separator has-text-color has-theme-palette-1-color has-alpha-channel-opacity has-theme-palette-1-background-color has-background is-style-wide\"\/>\n\n\n<style>.kb-row-layout-id65_2bba7f-50 > .kt-row-column-wrap{align-content:start;}:where(.kb-row-layout-id65_2bba7f-50 > .kt-row-column-wrap) > .wp-block-kadence-column{justify-content:start;}.kb-row-layout-id65_2bba7f-50 > .kt-row-column-wrap{column-gap:var(--global-kb-gap-none, 0rem );row-gap:var(--global-kb-gap-md, 2rem);padding-top:var(--global-kb-spacing-sm, 1.5rem);padding-right:var(--global-kb-spacing-md, 2rem);padding-bottom:var(--global-kb-spacing-sm, 1.5rem);padding-left:var(--global-kb-spacing-md, 2rem);}.kb-row-layout-id65_2bba7f-50 > .kt-row-column-wrap > div:not(.added-for-specificity){grid-column:initial;}.kb-row-layout-id65_2bba7f-50 > .kt-row-column-wrap{grid-template-columns:repeat(3, minmax(0, 1fr));}.kb-row-layout-id65_2bba7f-50 > .kt-row-layout-overlay{opacity:0.30;}@media all and (max-width: 1024px){.kb-row-layout-id65_2bba7f-50 > .kt-row-column-wrap > div:not(.added-for-specificity){grid-column:initial;}}@media all and (max-width: 1024px){.kb-row-layout-id65_2bba7f-50 > .kt-row-column-wrap{grid-template-columns:repeat(3, minmax(0, 1fr));}}@media all and (max-width: 767px){.kb-row-layout-id65_2bba7f-50 > .kt-row-column-wrap > div:not(.added-for-specificity){grid-column:initial;}.kb-row-layout-id65_2bba7f-50 > .kt-row-column-wrap{grid-template-columns:minmax(0, 1fr);}}<\/style><div class=\"kb-row-layout-wrap kb-row-layout-id65_2bba7f-50 alignnone wp-block-kadence-rowlayout\"><div class=\"kt-row-column-wrap kt-has-3-columns kt-row-layout-equal kt-tab-layout-inherit kt-mobile-layout-row kt-row-valign-top\">\n<style>.kadence-column65_4af545-15 > .kt-inside-inner-col{padding-top:var(--global-kb-spacing-sm, 1.5rem);padding-right:var(--global-kb-spacing-sm, 1.5rem);padding-bottom:var(--global-kb-spacing-sm, 1.5rem);padding-left:var(--global-kb-spacing-sm, 1.5rem);}.kadence-column65_4af545-15 > .kt-inside-inner-col{border-top:2px solid var(--global-palette1, #3182CE);border-right:2px solid var(--global-palette1, #3182CE);border-bottom:2px solid var(--global-palette1, #3182CE);border-left:2px solid var(--global-palette1, #3182CE);}.kadence-column65_4af545-15 > .kt-inside-inner-col,.kadence-column65_4af545-15 > .kt-inside-inner-col:before{border-top-left-radius:15px;border-top-right-radius:15px;border-bottom-right-radius:15px;border-bottom-left-radius:15px;}.kadence-column65_4af545-15 > .kt-inside-inner-col{column-gap:var(--global-kb-gap-sm, 1rem);}.kadence-column65_4af545-15 > .kt-inside-inner-col{flex-direction:column;}.kadence-column65_4af545-15 > .kt-inside-inner-col > .aligncenter{width:100%;}.kadence-column65_4af545-15 > .kt-inside-inner-col{background-color:var(--global-palette3, #1A202C);}.kadence-column65_4af545-15 > .kt-inside-inner-col:before{opacity:0.3;}.kadence-column65_4af545-15{position:relative;}.kadence-column65_4af545-15, .kt-inside-inner-col > .kadence-column65_4af545-15:not(.specificity){margin-right:var(--global-kb-spacing-sm, 1.5rem);margin-left:var(--global-kb-spacing-sm, 1.5rem);}@media all and (max-width: 1024px){.kadence-column65_4af545-15 > .kt-inside-inner-col{border-top:2px solid var(--global-palette1, #3182CE);border-right:2px solid var(--global-palette1, #3182CE);border-bottom:2px solid var(--global-palette1, #3182CE);border-left:2px solid var(--global-palette1, #3182CE);flex-direction:column;justify-content:center;}}@media all and (max-width: 767px){.kadence-column65_4af545-15 > .kt-inside-inner-col{border-top:2px solid var(--global-palette1, #3182CE);border-right:2px solid var(--global-palette1, #3182CE);border-bottom:2px solid var(--global-palette1, #3182CE);border-left:2px solid var(--global-palette1, #3182CE);flex-direction:column;justify-content:center;}}<\/style>\n<div class=\"wp-block-kadence-column kadence-column65_4af545-15\"><div class=\"kt-inside-inner-col\">\n<div class=\"wp-block-group\"><div class=\"wp-block-group__inner-container is-layout-constrained wp-block-group-is-layout-constrained\">\n<h3 class=\"wp-block-heading has-text-align-center has-theme-palette-9-color has-text-color has-link-color wp-elements-6e75caed2f7ca85de3be2f8fd565ea1e\">Dlaczego pielgrzymujemy?<\/h3>\n<\/div><\/div>\n\n\n<style>.wp-block-kadence-advancedbtn.kb-btns65_a51e1a-4f{gap:var(--global-kb-gap-xs, 0.5rem );justify-content:center;align-items:center;}.kt-btns65_a51e1a-4f .kt-button{font-weight:normal;font-style:normal;}.kt-btns65_a51e1a-4f .kt-btn-wrap-0{margin-right:5px;}.wp-block-kadence-advancedbtn.kt-btns65_a51e1a-4f .kt-btn-wrap-0 .kt-button{color:#555555;border-color:#555555;}.wp-block-kadence-advancedbtn.kt-btns65_a51e1a-4f .kt-btn-wrap-0 .kt-button:hover, .wp-block-kadence-advancedbtn.kt-btns65_a51e1a-4f .kt-btn-wrap-0 .kt-button:focus{color:#ffffff;border-color:#444444;}.wp-block-kadence-advancedbtn.kt-btns65_a51e1a-4f .kt-btn-wrap-0 .kt-button::before{display:none;}.wp-block-kadence-advancedbtn.kt-btns65_a51e1a-4f .kt-btn-wrap-0 .kt-button:hover, .wp-block-kadence-advancedbtn.kt-btns65_a51e1a-4f .kt-btn-wrap-0 .kt-button:focus{background:#444444;}<\/style>\n<div class=\"wp-block-kadence-advancedbtn kb-buttons-wrap kb-btns65_a51e1a-4f\"><style>ul.menu .wp-block-kadence-advancedbtn .kb-btn65_52a5ac-d4.kb-button{width:initial;}<\/style><a class=\"kb-button kt-button button kb-btn65_52a5ac-d4 kt-btn-size-standard kt-btn-width-type-auto kb-btn-global-fill  kt-btn-has-text-true kt-btn-has-svg-false  wp-block-kadence-singlebtn\" href=\"https:\/\/www.kosciolwalczacy.pl\/index.php\/o-nas__trashed\/idea-pielgrzymki\/\"><span class=\"kt-btn-inner-text\">Nasza idea<\/span><\/a><\/div>\n<\/div><\/div>\n\n\n<style>.kadence-column65_1d5773-67 > .kt-inside-inner-col{padding-top:var(--global-kb-spacing-sm, 1.5rem);padding-right:var(--global-kb-spacing-sm, 1.5rem);padding-bottom:var(--global-kb-spacing-sm, 1.5rem);padding-left:var(--global-kb-spacing-sm, 1.5rem);}.kadence-column65_1d5773-67 > .kt-inside-inner-col{border-top:2px solid var(--global-palette1, #3182CE);border-right:2px solid var(--global-palette1, #3182CE);border-bottom:2px solid var(--global-palette1, #3182CE);border-left:2px solid var(--global-palette1, #3182CE);}.kadence-column65_1d5773-67 > .kt-inside-inner-col,.kadence-column65_1d5773-67 > .kt-inside-inner-col:before{border-top-left-radius:15px;border-top-right-radius:15px;border-bottom-right-radius:15px;border-bottom-left-radius:15px;}.kadence-column65_1d5773-67 > .kt-inside-inner-col{column-gap:var(--global-kb-gap-sm, 1rem);}.kadence-column65_1d5773-67 > .kt-inside-inner-col{flex-direction:column;}.kadence-column65_1d5773-67 > .kt-inside-inner-col > .aligncenter{width:100%;}.kadence-column65_1d5773-67 > .kt-inside-inner-col{background-color:var(--global-palette3, #1A202C);}.kadence-column65_1d5773-67 > .kt-inside-inner-col:before{opacity:0.3;}.kadence-column65_1d5773-67{position:relative;}.kadence-column65_1d5773-67, .kt-inside-inner-col > .kadence-column65_1d5773-67:not(.specificity){margin-right:var(--global-kb-spacing-sm, 1.5rem);margin-left:var(--global-kb-spacing-sm, 1.5rem);}@media all and (max-width: 1024px){.kadence-column65_1d5773-67 > .kt-inside-inner-col{border-top:2px solid var(--global-palette1, #3182CE);border-right:2px solid var(--global-palette1, #3182CE);border-bottom:2px solid var(--global-palette1, #3182CE);border-left:2px solid var(--global-palette1, #3182CE);flex-direction:column;justify-content:center;}}@media all and (max-width: 767px){.kadence-column65_1d5773-67 > .kt-inside-inner-col{border-top:2px solid var(--global-palette1, #3182CE);border-right:2px solid var(--global-palette1, #3182CE);border-bottom:2px solid var(--global-palette1, #3182CE);border-left:2px solid var(--global-palette1, #3182CE);flex-direction:column;justify-content:center;}}<\/style>\n<div class=\"wp-block-kadence-column kadence-column65_1d5773-67\"><div class=\"kt-inside-inner-col\">\n<div class=\"wp-block-group\"><div class=\"wp-block-group__inner-container is-layout-constrained wp-block-group-is-layout-constrained\">\n<h3 class=\"wp-block-heading has-text-align-center has-theme-palette-9-color has-text-color has-link-color wp-elements-df484613045dba8f7c28dd1b1c08f7c0\">Wesprzyj nasze dzia\u0142ania<\/h3>\n<\/div><\/div>\n\n\n<style>.wp-block-kadence-advancedbtn.kb-btns65_f5dbc5-c0{gap:var(--global-kb-gap-xs, 0.5rem );justify-content:center;align-items:center;}.kt-btns65_f5dbc5-c0 .kt-button{font-weight:normal;font-style:normal;}.kt-btns65_f5dbc5-c0 .kt-btn-wrap-0{margin-right:5px;}.wp-block-kadence-advancedbtn.kt-btns65_f5dbc5-c0 .kt-btn-wrap-0 .kt-button{color:#555555;border-color:#555555;}.wp-block-kadence-advancedbtn.kt-btns65_f5dbc5-c0 .kt-btn-wrap-0 .kt-button:hover, .wp-block-kadence-advancedbtn.kt-btns65_f5dbc5-c0 .kt-btn-wrap-0 .kt-button:focus{color:#ffffff;border-color:#444444;}.wp-block-kadence-advancedbtn.kt-btns65_f5dbc5-c0 .kt-btn-wrap-0 .kt-button::before{display:none;}.wp-block-kadence-advancedbtn.kt-btns65_f5dbc5-c0 .kt-btn-wrap-0 .kt-button:hover, .wp-block-kadence-advancedbtn.kt-btns65_f5dbc5-c0 .kt-btn-wrap-0 .kt-button:focus{background:#444444;}<\/style>\n<div class=\"wp-block-kadence-advancedbtn kb-buttons-wrap kb-btns65_f5dbc5-c0\"><style>ul.menu .wp-block-kadence-advancedbtn .kb-btn65_a7aa01-3d.kb-button{width:initial;}<\/style><a class=\"kb-button kt-button button kb-btn65_a7aa01-3d kt-btn-size-standard kt-btn-width-type-auto kb-btn-global-fill  kt-btn-has-text-true kt-btn-has-svg-false  wp-block-kadence-singlebtn\" href=\"https:\/\/www.kosciolwalczacy.pl\/index.php\/wesprzyj\/\"><span class=\"kt-btn-inner-text\">Wesprzyj<\/span><\/a><\/div>\n<\/div><\/div>\n\n\n<style>.kadence-column65_c68897-34 > .kt-inside-inner-col{padding-top:var(--global-kb-spacing-sm, 1.5rem);padding-right:var(--global-kb-spacing-sm, 1.5rem);padding-bottom:var(--global-kb-spacing-sm, 1.5rem);padding-left:var(--global-kb-spacing-sm, 1.5rem);}.kadence-column65_c68897-34 > .kt-inside-inner-col{border-top:2px solid var(--global-palette1, #3182CE);border-right:2px solid var(--global-palette1, #3182CE);border-bottom:2px solid var(--global-palette1, #3182CE);border-left:2px solid var(--global-palette1, #3182CE);}.kadence-column65_c68897-34 > .kt-inside-inner-col,.kadence-column65_c68897-34 > .kt-inside-inner-col:before{border-top-left-radius:15px;border-top-right-radius:15px;border-bottom-right-radius:15px;border-bottom-left-radius:15px;}.kadence-column65_c68897-34 > .kt-inside-inner-col{column-gap:var(--global-kb-gap-sm, 1rem);}.kadence-column65_c68897-34 > .kt-inside-inner-col{flex-direction:column;}.kadence-column65_c68897-34 > .kt-inside-inner-col > .aligncenter{width:100%;}.kadence-column65_c68897-34 > .kt-inside-inner-col{background-color:var(--global-palette3, #1A202C);}.kadence-column65_c68897-34 > .kt-inside-inner-col:before{opacity:0.3;}.kadence-column65_c68897-34{position:relative;}.kadence-column65_c68897-34, .kt-inside-inner-col > .kadence-column65_c68897-34:not(.specificity){margin-right:var(--global-kb-spacing-sm, 1.5rem);margin-left:var(--global-kb-spacing-sm, 1.5rem);}@media all and (max-width: 1024px){.kadence-column65_c68897-34 > .kt-inside-inner-col{border-top:2px solid var(--global-palette1, #3182CE);border-right:2px solid var(--global-palette1, #3182CE);border-bottom:2px solid var(--global-palette1, #3182CE);border-left:2px solid var(--global-palette1, #3182CE);flex-direction:column;justify-content:center;}}@media all and (max-width: 767px){.kadence-column65_c68897-34 > .kt-inside-inner-col{border-top:2px solid var(--global-palette1, #3182CE);border-right:2px solid var(--global-palette1, #3182CE);border-bottom:2px solid var(--global-palette1, #3182CE);border-left:2px solid var(--global-palette1, #3182CE);flex-direction:column;justify-content:center;}}<\/style>\n<div class=\"wp-block-kadence-column kadence-column65_c68897-34\"><div class=\"kt-inside-inner-col\">\n<div class=\"wp-block-group\"><div class=\"wp-block-group__inner-container is-layout-constrained wp-block-group-is-layout-constrained\">\n<h3 class=\"wp-block-heading has-text-align-center has-theme-palette-9-color has-text-color has-link-color wp-elements-d5292a9b99f0d841e4c44ee8266a64c3\">Pielgrzymuj razem z nami<\/h3>\n<\/div><\/div>\n\n\n<style>.wp-block-kadence-advancedbtn.kb-btns65_63cb5e-b6{gap:var(--global-kb-gap-xs, 0.5rem );justify-content:center;align-items:center;}.kt-btns65_63cb5e-b6 .kt-button{font-weight:normal;font-style:normal;}.kt-btns65_63cb5e-b6 .kt-btn-wrap-0{margin-right:5px;}.wp-block-kadence-advancedbtn.kt-btns65_63cb5e-b6 .kt-btn-wrap-0 .kt-button{color:#555555;border-color:#555555;}.wp-block-kadence-advancedbtn.kt-btns65_63cb5e-b6 .kt-btn-wrap-0 .kt-button:hover, .wp-block-kadence-advancedbtn.kt-btns65_63cb5e-b6 .kt-btn-wrap-0 .kt-button:focus{color:#ffffff;border-color:#444444;}.wp-block-kadence-advancedbtn.kt-btns65_63cb5e-b6 .kt-btn-wrap-0 .kt-button::before{display:none;}.wp-block-kadence-advancedbtn.kt-btns65_63cb5e-b6 .kt-btn-wrap-0 .kt-button:hover, .wp-block-kadence-advancedbtn.kt-btns65_63cb5e-b6 .kt-btn-wrap-0 .kt-button:focus{background:#444444;}<\/style>\n<div class=\"wp-block-kadence-advancedbtn kb-buttons-wrap kb-btns65_63cb5e-b6\"><style>ul.menu .wp-block-kadence-advancedbtn .kb-btn65_3534eb-fa.kb-button{width:initial;}<\/style><a class=\"kb-button kt-button button kb-btn65_3534eb-fa kt-btn-size-standard kt-btn-width-type-auto kb-btn-global-fill  kt-btn-has-text-true kt-btn-has-svg-false  wp-block-kadence-singlebtn\" href=\"https:\/\/www.kosciolwalczacy.pl\/index.php\/informacje__trashed\/zapisy\/\"><span class=\"kt-btn-inner-text\">Zapisy<\/span><\/a><\/div>\n<\/div><\/div>\n\n<\/div><\/div>\n\n<style>.kb-row-layout-wrap.wp-block-kadence-rowlayout.kb-row-layout-id65_38b239-d7{margin-bottom:0px;}.kb-row-layout-id65_38b239-d7 > .kt-row-column-wrap{align-content:start;}:where(.kb-row-layout-id65_38b239-d7 > .kt-row-column-wrap) > .wp-block-kadence-column{justify-content:start;}.kb-row-layout-id65_38b239-d7 > .kt-row-column-wrap{column-gap:var(--global-kb-gap-md, 2rem);row-gap:var(--global-kb-gap-md, 2rem);padding-top:var(--global-kb-spacing-sm, 1.5rem);padding-right:0px;padding-bottom:var(--global-kb-spacing-sm, 1.5rem);padding-left:0px;grid-template-columns:minmax(0, 1fr);}.kb-row-layout-id65_38b239-d7 > .kt-row-layout-overlay{opacity:0.30;}@media all and (max-width: 1024px){.kb-row-layout-id65_38b239-d7 > .kt-row-column-wrap{grid-template-columns:minmax(0, 1fr);}}@media all and (max-width: 767px){.kb-row-layout-id65_38b239-d7 > .kt-row-column-wrap{grid-template-columns:minmax(0, 1fr);}}<\/style><div class=\"kb-row-layout-wrap kb-row-layout-id65_38b239-d7 alignnone wp-block-kadence-rowlayout\"><div class=\"kt-row-column-wrap kt-has-1-columns kt-row-layout-equal kt-tab-layout-inherit kt-mobile-layout-row kt-row-valign-top\">\n<style>.kadence-column65_32df88-8c > .kt-inside-inner-col,.kadence-column65_32df88-8c > .kt-inside-inner-col:before{border-top-left-radius:0px;border-top-right-radius:0px;border-bottom-right-radius:0px;border-bottom-left-radius:0px;}.kadence-column65_32df88-8c > .kt-inside-inner-col{column-gap:var(--global-kb-gap-sm, 1rem);}.kadence-column65_32df88-8c > .kt-inside-inner-col{flex-direction:column;}.kadence-column65_32df88-8c > .kt-inside-inner-col > .aligncenter{width:100%;}.kadence-column65_32df88-8c > .kt-inside-inner-col:before{opacity:0.3;}.kadence-column65_32df88-8c{position:relative;}@media all and (max-width: 1024px){.kadence-column65_32df88-8c > .kt-inside-inner-col{flex-direction:column;justify-content:center;}}@media all and (max-width: 767px){.kadence-column65_32df88-8c > .kt-inside-inner-col{flex-direction:column;justify-content:center;}}<\/style>\n<div class=\"wp-block-kadence-column kadence-column65_32df88-8c\"><div class=\"kt-inside-inner-col\">\n<div class=\"wp-block-group\"><div class=\"wp-block-group__inner-container is-layout-constrained wp-block-group-is-layout-constrained\">\n<h2 class=\"wp-block-heading has-text-align-center\">Zobacz jak by\u0142o w zesz\u0142ym roku<\/h2>\n\n\n<style>.wp-block-kadence-advancedbtn.kb-btns65_afec0f-12{gap:var(--global-kb-gap-xs, 0.5rem );justify-content:center;align-items:center;}.kt-btns65_afec0f-12 .kt-button{font-weight:normal;font-style:normal;}.kt-btns65_afec0f-12 .kt-btn-wrap-0{margin-right:5px;}.wp-block-kadence-advancedbtn.kt-btns65_afec0f-12 .kt-btn-wrap-0 .kt-button{color:#555555;border-color:#555555;}.wp-block-kadence-advancedbtn.kt-btns65_afec0f-12 .kt-btn-wrap-0 .kt-button:hover, .wp-block-kadence-advancedbtn.kt-btns65_afec0f-12 .kt-btn-wrap-0 .kt-button:focus{color:#ffffff;border-color:#444444;}.wp-block-kadence-advancedbtn.kt-btns65_afec0f-12 .kt-btn-wrap-0 .kt-button::before{display:none;}.wp-block-kadence-advancedbtn.kt-btns65_afec0f-12 .kt-btn-wrap-0 .kt-button:hover, .wp-block-kadence-advancedbtn.kt-btns65_afec0f-12 .kt-btn-wrap-0 .kt-button:focus{background:#444444;}<\/style>\n<div class=\"wp-block-kadence-advancedbtn kb-buttons-wrap kb-btns65_afec0f-12\"><style>ul.menu .wp-block-kadence-advancedbtn .kb-btn65_7827cd-b5.kb-button{width:initial;}<\/style><a class=\"kb-button kt-button button kb-btn65_7827cd-b5 kt-btn-size-large kt-btn-width-type-auto kb-btn-global-outline  kt-btn-has-text-true kt-btn-has-svg-false  wp-block-kadence-singlebtn\" href=\"https:\/\/www.kosciolwalczacy.pl\/index.php\/galeria\/\"><span class=\"kt-btn-inner-text\">Galeria<\/span><\/a><\/div>\n<\/div><\/div>\n<\/div><\/div>\n\n<\/div><\/div>\n\n<style>.kb-row-layout-wrap.wp-block-kadence-rowlayout.kb-row-layout-id65_1cbcfb-6e{margin-top:0px;}.kb-row-layout-id65_1cbcfb-6e > .kt-row-column-wrap{align-content:start;}:where(.kb-row-layout-id65_1cbcfb-6e > .kt-row-column-wrap) > .wp-block-kadence-column{justify-content:start;}.kb-row-layout-id65_1cbcfb-6e > .kt-row-column-wrap{column-gap:var(--global-kb-gap-md, 2rem);row-gap:var(--global-kb-gap-md, 2rem);padding-top:var(--global-kb-spacing-sm, 1.5rem);padding-right:var(--global-kb-spacing-5xl, 10rem);padding-bottom:var(--global-kb-spacing-sm, 1.5rem);padding-left:var(--global-kb-spacing-5xl, 10rem);grid-template-columns:minmax(0, 1fr);}.kb-row-layout-id65_1cbcfb-6e > .kt-row-layout-overlay{opacity:0.30;}@media all and (max-width: 1024px){.kb-row-layout-id65_1cbcfb-6e > .kt-row-column-wrap{padding-right:var(--global-kb-spacing-md, 2rem);padding-left:var(--global-kb-spacing-md, 2rem);grid-template-columns:minmax(0, 1fr);}}@media all and (max-width: 767px){.kb-row-layout-id65_1cbcfb-6e > .kt-row-column-wrap{padding-right:var(--global-kb-spacing-xs, 1rem);padding-left:var(--global-kb-spacing-xs, 1rem);grid-template-columns:minmax(0, 1fr);}}<\/style><div class=\"kb-row-layout-wrap kb-row-layout-id65_1cbcfb-6e alignnone wp-block-kadence-rowlayout\"><div class=\"kt-row-column-wrap kt-has-1-columns kt-row-layout-equal kt-tab-layout-inherit kt-mobile-layout-row kt-row-valign-top\">\n<style>.kadence-column65_224691-32 > .kt-inside-inner-col,.kadence-column65_224691-32 > .kt-inside-inner-col:before{border-top-left-radius:0px;border-top-right-radius:0px;border-bottom-right-radius:0px;border-bottom-left-radius:0px;}.kadence-column65_224691-32 > .kt-inside-inner-col{column-gap:var(--global-kb-gap-sm, 1rem);}.kadence-column65_224691-32 > .kt-inside-inner-col{flex-direction:column;}.kadence-column65_224691-32 > .kt-inside-inner-col > .aligncenter{width:100%;}.kadence-column65_224691-32 > .kt-inside-inner-col:before{opacity:0.3;}.kadence-column65_224691-32{position:relative;}@media all and (max-width: 1024px){.kadence-column65_224691-32 > .kt-inside-inner-col{flex-direction:column;justify-content:center;}}@media all and (max-width: 767px){.kadence-column65_224691-32 > .kt-inside-inner-col{flex-direction:column;justify-content:center;}}<\/style>\n<div class=\"wp-block-kadence-column kadence-column65_224691-32\"><div class=\"kt-inside-inner-col\">\n<figure class=\"wp-block-embed is-type-video is-provider-youtube wp-block-embed-youtube wp-embed-aspect-16-9 wp-has-aspect-ratio\"><div class=\"wp-block-embed__wrapper\">\n<iframe title=\"Pielgrzymka Ko\u015bcio\u0142a Walcz\u0105cego (Pie\u015b\u0144 Woj\u00f3w Krzywoustego) klip promocyjny - M\u0142odzie\u017c Wszechpolska\" width=\"720\" height=\"405\" src=\"https:\/\/www.youtube.com\/embed\/NRZQn6yIi6o?feature=oembed\" frameborder=\"0\" allow=\"accelerometer; autoplay; clipboard-write; encrypted-media; gyroscope; picture-in-picture; web-share\" referrerpolicy=\"strict-origin-when-cross-origin\" allowfullscreen><\/iframe>\n<\/div><\/figure>\n<\/div><\/div>\n\n<\/div><\/div>\n\n<style>.kb-row-layout-id65_1f88d3-5f > .kt-row-column-wrap{align-content:start;}:where(.kb-row-layout-id65_1f88d3-5f > .kt-row-column-wrap) > .wp-block-kadence-column{justify-content:start;}.kb-row-layout-id65_1f88d3-5f > .kt-row-column-wrap{column-gap:var(--global-kb-gap-md, 2rem);row-gap:var(--global-kb-gap-md, 2rem);padding-top:var(--global-kb-spacing-sm, 1.5rem);padding-bottom:var(--global-kb-spacing-sm, 1.5rem);grid-template-columns:minmax(0, 1fr);}.kb-row-layout-id65_1f88d3-5f > .kt-row-layout-overlay{opacity:0.30;}@media all and (max-width: 1024px){.kb-row-layout-id65_1f88d3-5f > .kt-row-column-wrap{grid-template-columns:minmax(0, 1fr);}}@media all and (max-width: 767px){.kb-row-layout-id65_1f88d3-5f > .kt-row-column-wrap{grid-template-columns:minmax(0, 1fr);}}<\/style><div class=\"kb-row-layout-wrap kb-row-layout-id65_1f88d3-5f alignnone wp-block-kadence-rowlayout\"><div class=\"kt-row-column-wrap kt-has-1-columns kt-row-layout-equal kt-tab-layout-inherit kt-mobile-layout-row kt-row-valign-top\">\n<style>.kadence-column65_e13b3e-f9 > .kt-inside-inner-col,.kadence-column65_e13b3e-f9 > .kt-inside-inner-col:before{border-top-left-radius:0px;border-top-right-radius:0px;border-bottom-right-radius:0px;border-bottom-left-radius:0px;}.kadence-column65_e13b3e-f9 > .kt-inside-inner-col{column-gap:var(--global-kb-gap-sm, 1rem);}.kadence-column65_e13b3e-f9 > .kt-inside-inner-col{flex-direction:column;}.kadence-column65_e13b3e-f9 > .kt-inside-inner-col > .aligncenter{width:100%;}.kadence-column65_e13b3e-f9 > .kt-inside-inner-col:before{opacity:0.3;}.kadence-column65_e13b3e-f9{position:relative;}@media all and (max-width: 1024px){.kadence-column65_e13b3e-f9 > .kt-inside-inner-col{flex-direction:column;justify-content:center;}}@media all and (max-width: 767px){.kadence-column65_e13b3e-f9 > .kt-inside-inner-col{flex-direction:column;justify-content:center;}}<\/style>\n<div class=\"wp-block-kadence-column kadence-column65_e13b3e-f9\"><div class=\"kt-inside-inner-col\">\n<div class=\"wp-block-group\"><div class=\"wp-block-group__inner-container is-layout-constrained wp-block-group-is-layout-constrained\">\n<h2 class=\"wp-block-heading has-text-align-center\">Partner wydarzenia<\/h2>\n\n\n<div class=\"wp-block-image\">\n<figure class=\"aligncenter size-full is-resized\"><a href=\"https:\/\/marszniepodleglosci.pl\/\" target=\"_blank\"><img fetchpriority=\"high\" decoding=\"async\" width=\"369\" height=\"210\" src=\"https:\/\/www.kosciolwalczacy.pl\/wp-content\/uploads\/2026\/01\/logo_MN.png\" alt=\"\" class=\"wp-image-176\" style=\"width:179px;height:auto\" srcset=\"https:\/\/www.kosciolwalczacy.pl\/wp-content\/uploads\/2026\/01\/logo_MN.png 369w, https:\/\/www.kosciolwalczacy.pl\/wp-content\/uploads\/2026\/01\/logo_MN-300x171.png 300w\" sizes=\"(max-width: 369px) 100vw, 369px\" \/><\/a><\/figure>\n<\/div><\/div><\/div>\n<\/div><\/div>\n\n<\/div><\/div>\n\n\n<p><\/p>\n","protected":false},"excerpt":{"rendered":"<p>Dlaczego pielgrzymujemy? Wesprzyj nasze dzia\u0142ania Pielgrzymuj razem z nami Zobacz jak by\u0142o w zesz\u0142ym roku Partner wydarzenia<\/p>\n","protected":false},"author":1,"featured_media":0,"parent":0,"menu_order":0,"comment_status":"closed","ping_status":"closed","template":"","meta":{"_kad_post_transparent":"","_kad_post_title":"hide","_kad_post_layout":"fullwidth","_kad_post_sidebar_id":"","_kad_post_content_style":"unboxed","_kad_post_vertical_padding":"default","_kad_post_feature":"","_kad_post_feature_position":"","_kad_post_header":false,"_kad_post_footer":false,"_kad_post_classname":"","footnotes":""},"class_list":["post-65","page","type-page","status-publish","hentry"],"_links":{"self":[{"href":"https:\/\/www.kosciolwalczacy.pl\/index.php\/wp-json\/wp\/v2\/pages\/65","targetHints":{"allow":["GET"]}}],"collection":[{"href":"https:\/\/www.kosciolwalczacy.pl\/index.php\/wp-json\/wp\/v2\/pages"}],"about":[{"href":"https:\/\/www.kosciolwalczacy.pl\/index.php\/wp-json\/wp\/v2\/types\/page"}],"author":[{"embeddable":true,"href":"https:\/\/www.kosciolwalczacy.pl\/index.php\/wp-json\/wp\/v2\/users\/1"}],"replies":[{"embeddable":true,"href":"https:\/\/www.kosciolwalczacy.pl\/index.php\/wp-json\/wp\/v2\/comments?post=65"}],"version-history":[{"count":103,"href":"https:\/\/www.kosciolwalczacy.pl\/index.php\/wp-json\/wp\/v2\/pages\/65\/revisions"}],"predecessor-version":[{"id":578,"href":"https:\/\/www.kosciolwalczacy.pl\/index.php\/wp-json\/wp\/v2\/pages\/65\/revisions\/578"}],"wp:attachment":[{"href":"https:\/\/www.kosciolwalczacy.pl\/index.php\/wp-json\/wp\/v2\/media?parent=65"}],"curies":[{"name":"wp","href":"https:\/\/api.w.org\/{rel}","templated":true}]}}