{"id":46,"date":"2026-01-15T12:29:05","date_gmt":"2026-01-15T12:29:05","guid":{"rendered":"https:\/\/www.kosciolwalczacy.pl\/?page_id=46"},"modified":"2026-03-13T10:50:07","modified_gmt":"2026-03-13T10:50:07","slug":"wesprzyj","status":"publish","type":"page","link":"https:\/\/www.kosciolwalczacy.pl\/index.php\/wesprzyj\/","title":{"rendered":"Wesprzyj"},"content":{"rendered":"\n<div class=\"wp-block-cover alignfull has-parallax\" style=\"margin-top:0;margin-bottom:0;padding-top:0;padding-right:0;padding-bottom:0;padding-left:0;min-height:604px;aspect-ratio:unset;\"><div role=\"img\" aria-label=\"Z\u0142ocony miecz o krzy\u017cowym jelcu na tle ciemnej sylwetki zabytkowego ko\u015bcio\u0142a, w z\u0142oto-czarnej kolorystyce.\" class=\"wp-block-cover__image-background wp-image-50 size-full has-parallax\" style=\"background-position:83% 64%;background-image:url(https:\/\/www.kosciolwalczacy.pl\/wp-content\/uploads\/2026\/01\/signal-2026-01-15-133227_002.jpeg)\"><\/div><span aria-hidden=\"true\" class=\"wp-block-cover__background has-theme-palette-3-background-color has-background-dim\"><\/span><div class=\"wp-block-cover__inner-container is-layout-constrained wp-container-core-cover-is-layout-f1253992 wp-block-cover-is-layout-constrained\">\n<p class=\"has-text-align-center has-larger-font-size\" style=\"border-top-left-radius:10px;border-top-right-radius:10px;border-bottom-left-radius:10px;border-bottom-right-radius:10px;font-style:normal;font-weight:700\">Pom\u00f3\u017c nam w organizacji pielgrzymki!<\/p>\n<\/div><\/div>\n\n\n\n<hr class=\"wp-block-separator has-text-color has-theme-palette-1-color has-alpha-channel-opacity has-theme-palette-1-background-color has-background is-style-wide\"\/>\n\n\n<style>.kb-row-layout-id46_6af8e9-9d > .kt-row-column-wrap{align-content:start;}:where(.kb-row-layout-id46_6af8e9-9d > .kt-row-column-wrap) > .wp-block-kadence-column{justify-content:start;}.kb-row-layout-id46_6af8e9-9d > .kt-row-column-wrap{column-gap:var(--global-kb-gap-md, 2rem);row-gap:var(--global-kb-gap-md, 2rem);padding-top:var(--global-kb-spacing-sm, 1.5rem);padding-right:var(--global-kb-spacing-xxl, 5rem);padding-bottom:var(--global-kb-spacing-sm, 1.5rem);padding-left:var(--global-kb-spacing-xxl, 5rem);grid-template-columns:repeat(2, minmax(0, 1fr));}.kb-row-layout-id46_6af8e9-9d > .kt-row-layout-overlay{opacity:0.30;}@media all and (max-width: 1024px){.kb-row-layout-id46_6af8e9-9d > .kt-row-column-wrap{padding-right:var(--global-kb-spacing-md, 2rem);padding-left:var(--global-kb-spacing-md, 2rem);grid-template-columns:repeat(2, minmax(0, 1fr));}}@media all and (max-width: 767px){.kb-row-layout-id46_6af8e9-9d > .kt-row-column-wrap{padding-right:var(--global-kb-spacing-xs, 1rem);padding-left:var(--global-kb-spacing-xs, 1rem);grid-template-columns:minmax(0, 1fr);}}<\/style><div class=\"kb-row-layout-wrap kb-row-layout-id46_6af8e9-9d alignnone wp-block-kadence-rowlayout\"><div class=\"kt-row-column-wrap kt-has-2-columns kt-row-layout-equal kt-tab-layout-inherit kt-mobile-layout-row kt-row-valign-top\">\n<style>.kadence-column46_5273f4-94 > .kt-inside-inner-col,.kadence-column46_5273f4-94 > .kt-inside-inner-col:before{border-top-left-radius:0px;border-top-right-radius:0px;border-bottom-right-radius:0px;border-bottom-left-radius:0px;}.kadence-column46_5273f4-94 > .kt-inside-inner-col{column-gap:var(--global-kb-gap-sm, 1rem);}.kadence-column46_5273f4-94 > .kt-inside-inner-col{flex-direction:column;}.kadence-column46_5273f4-94 > .kt-inside-inner-col > .aligncenter{width:100%;}.kadence-column46_5273f4-94 > .kt-inside-inner-col:before{opacity:0.3;}.kadence-column46_5273f4-94{position:relative;}@media all and (max-width: 1024px){.kadence-column46_5273f4-94 > .kt-inside-inner-col{flex-direction:column;justify-content:center;}}@media all and (max-width: 767px){.kadence-column46_5273f4-94 > .kt-inside-inner-col{flex-direction:column;justify-content:center;}}<\/style>\n<div class=\"wp-block-kadence-column kadence-column46_5273f4-94\"><div class=\"kt-inside-inner-col\"><style>.kb-row-layout-id46_d5ecd1-51 > .kt-row-column-wrap{align-content:start;}:where(.kb-row-layout-id46_d5ecd1-51 > .kt-row-column-wrap) > .wp-block-kadence-column{justify-content:start;}.kb-row-layout-id46_d5ecd1-51 > .kt-row-column-wrap{column-gap:var(--global-kb-gap-md, 2rem);row-gap:var(--global-kb-gap-md, 2rem);max-width:1100px;margin-left:auto;margin-right:auto;padding-top:var(--global-kb-spacing-sm, 1.5rem);padding-bottom:var(--global-kb-spacing-sm, 1.5rem);grid-template-columns:minmax(0, 1fr);}.kb-row-layout-id46_d5ecd1-51{border-top-left-radius:12px;border-top-right-radius:12px;border-bottom-right-radius:12px;border-bottom-left-radius:12px;overflow:clip;isolation:isolate;}.kb-row-layout-id46_d5ecd1-51 > .kt-row-layout-overlay{border-top-left-radius:12px;border-top-right-radius:12px;border-bottom-right-radius:12px;border-bottom-left-radius:12px;}.kb-row-layout-id46_d5ecd1-51{box-shadow:0px 0px 14px 0px rgba(0, 0, 0, 0.2);border-top:1px solid transparent;border-right:1px solid transparent;border-bottom:1px solid transparent;border-left:1px solid transparent;}.kb-row-layout-id46_d5ecd1-51{background-color:#f7f7f7;}.kb-row-layout-id46_d5ecd1-51 > .kt-row-layout-overlay{opacity:0.30;}@media all and (max-width: 1024px){.kb-row-layout-id46_d5ecd1-51 > .kt-row-column-wrap{grid-template-columns:minmax(0, 1fr);}}@media all and (max-width: 1024px){.kb-row-layout-id46_d5ecd1-51{border-top:1px solid transparent;border-right:1px solid transparent;border-bottom:1px solid transparent;border-left:1px solid transparent;}}@media all and (max-width: 767px){.kb-row-layout-id46_d5ecd1-51 > .kt-row-column-wrap{grid-template-columns:minmax(0, 1fr);}.kb-row-layout-id46_d5ecd1-51{border-top:1px solid transparent;border-right:1px solid transparent;border-bottom:1px solid transparent;border-left:1px solid transparent;}}<\/style><div class=\"kb-row-layout-wrap kb-row-layout-id46_d5ecd1-51 alignnone kt-row-has-bg wp-block-kadence-rowlayout\"><div class=\"kt-row-column-wrap kt-has-1-columns kt-row-layout-equal kt-tab-layout-inherit kt-mobile-layout-row kt-row-valign-top\">\n<style>.kadence-column46_0112ec-84 > .kt-inside-inner-col,.kadence-column46_0112ec-84 > .kt-inside-inner-col:before{border-top-left-radius:0px;border-top-right-radius:0px;border-bottom-right-radius:0px;border-bottom-left-radius:0px;}.kadence-column46_0112ec-84 > .kt-inside-inner-col{column-gap:var(--global-kb-gap-sm, 1rem);}.kadence-column46_0112ec-84 > .kt-inside-inner-col{flex-direction:column;}.kadence-column46_0112ec-84 > .kt-inside-inner-col > .aligncenter{width:100%;}.kadence-column46_0112ec-84 > .kt-inside-inner-col:before{opacity:0.3;}.kadence-column46_0112ec-84{position:relative;}@media all and (max-width: 1024px){.kadence-column46_0112ec-84 > .kt-inside-inner-col{flex-direction:column;justify-content:center;}}@media all and (max-width: 767px){.kadence-column46_0112ec-84 > .kt-inside-inner-col{flex-direction:column;justify-content:center;}}<\/style>\n<div class=\"wp-block-kadence-column kadence-column46_0112ec-84\"><div class=\"kt-inside-inner-col\">\n<h3 class=\"wp-block-heading has-text-align-center\">Wesprzyj nas przez zrzutk\u0119<\/h3>\n\n\n\n<div style=\"position: relative; width: 100%; height: 500px; overflow: hidden;\"><iframe style=\"position: absolute; top:0; left: 0; bottom: 0; right: 0; width: 100%; height: 100%;\" src=\"https:\/\/zrzutka.pl\/uezwxw\/widget\/13\" frameborder=\"0\" scrolling=\"no\"><\/iframe><\/div>\n<\/div><\/div>\n\n<\/div><\/div><\/div><\/div>\n\n\n<style>.kadence-column46_b7f544-f2 > .kt-inside-inner-col,.kadence-column46_b7f544-f2 > .kt-inside-inner-col:before{border-top-left-radius:0px;border-top-right-radius:0px;border-bottom-right-radius:0px;border-bottom-left-radius:0px;}.kadence-column46_b7f544-f2 > .kt-inside-inner-col{column-gap:var(--global-kb-gap-sm, 1rem);}.kadence-column46_b7f544-f2 > .kt-inside-inner-col{flex-direction:column;}.kadence-column46_b7f544-f2 > .kt-inside-inner-col > .aligncenter{width:100%;}.kadence-column46_b7f544-f2 > .kt-inside-inner-col:before{opacity:0.3;}.kadence-column46_b7f544-f2{position:relative;}@media all and (max-width: 1024px){.kadence-column46_b7f544-f2 > .kt-inside-inner-col{flex-direction:column;justify-content:center;}}@media all and (max-width: 767px){.kadence-column46_b7f544-f2 > .kt-inside-inner-col{flex-direction:column;justify-content:center;}}<\/style>\n<div class=\"wp-block-kadence-column kadence-column46_b7f544-f2\"><div class=\"kt-inside-inner-col\"><style>.kb-row-layout-id46_f88769-82 > .kt-row-column-wrap{align-content:start;}:where(.kb-row-layout-id46_f88769-82 > .kt-row-column-wrap) > .wp-block-kadence-column{justify-content:start;}.kb-row-layout-id46_f88769-82 > .kt-row-column-wrap{column-gap:var(--global-kb-gap-md, 2rem);row-gap:var(--global-kb-gap-md, 2rem);padding-top:var(--global-kb-spacing-sm, 1.5rem);padding-bottom:var(--global-kb-spacing-sm, 1.5rem);grid-template-columns:minmax(0, 1fr);}.kb-row-layout-id46_f88769-82{border-top-left-radius:12px;border-top-right-radius:12px;border-bottom-right-radius:12px;border-bottom-left-radius:12px;overflow:clip;isolation:isolate;}.kb-row-layout-id46_f88769-82 > .kt-row-layout-overlay{border-top-left-radius:12px;border-top-right-radius:12px;border-bottom-right-radius:12px;border-bottom-left-radius:12px;}.kb-row-layout-id46_f88769-82{box-shadow:0px 0px 14px 0px rgba(0, 0, 0, 0.2);border-top:1px solid transparent;border-right:1px solid transparent;border-bottom:1px solid transparent;border-left:1px solid transparent;}.kb-row-layout-id46_f88769-82{background-color:#f7f7f7;}.kb-row-layout-id46_f88769-82 > .kt-row-layout-overlay{opacity:0.30;}@media all and (max-width: 1024px){.kb-row-layout-id46_f88769-82 > .kt-row-column-wrap{grid-template-columns:minmax(0, 1fr);}}@media all and (max-width: 1024px){.kb-row-layout-id46_f88769-82{border-top:1px solid transparent;border-right:1px solid transparent;border-bottom:1px solid transparent;border-left:1px solid transparent;}}@media all and (max-width: 767px){.kb-row-layout-id46_f88769-82 > .kt-row-column-wrap{grid-template-columns:minmax(0, 1fr);}.kb-row-layout-id46_f88769-82{border-top:1px solid transparent;border-right:1px solid transparent;border-bottom:1px solid transparent;border-left:1px solid transparent;}}<\/style><div class=\"kb-row-layout-wrap kb-row-layout-id46_f88769-82 alignnone kt-row-has-bg wp-block-kadence-rowlayout\"><div class=\"kt-row-column-wrap kt-has-1-columns kt-row-layout-equal kt-tab-layout-inherit kt-mobile-layout-row kt-row-valign-top\">\n<style>.kadence-column46_dd3a8d-fa > .kt-inside-inner-col,.kadence-column46_dd3a8d-fa > .kt-inside-inner-col:before{border-top-left-radius:0px;border-top-right-radius:0px;border-bottom-right-radius:0px;border-bottom-left-radius:0px;}.kadence-column46_dd3a8d-fa > .kt-inside-inner-col{column-gap:var(--global-kb-gap-sm, 1rem);}.kadence-column46_dd3a8d-fa > .kt-inside-inner-col{flex-direction:column;}.kadence-column46_dd3a8d-fa > .kt-inside-inner-col > .aligncenter{width:100%;}.kadence-column46_dd3a8d-fa > .kt-inside-inner-col:before{opacity:0.3;}.kadence-column46_dd3a8d-fa{position:relative;}@media all and (max-width: 1024px){.kadence-column46_dd3a8d-fa > .kt-inside-inner-col{flex-direction:column;justify-content:center;}}@media all and (max-width: 767px){.kadence-column46_dd3a8d-fa > .kt-inside-inner-col{flex-direction:column;justify-content:center;}}<\/style>\n<div class=\"wp-block-kadence-column kadence-column46_dd3a8d-fa\"><div class=\"kt-inside-inner-col\">\n<h3 class=\"wp-block-heading has-text-align-center\">Przelew tradycyjny<\/h3>\n\n\n\n<p><strong>Nazwa odbiorcy:<\/strong><br>Stowarzyszenie M\u0142odzie\u017c Wszechpolska<\/p>\n\n\n\n<p><strong>Numer konta:<\/strong><br>PLN 64 1020 1097 0000 7302 0100 9141<br>IBAN: PL<br>BIC (SWIFT):\u00a0BPKOPLPW<\/p>\n\n\n\n<p><strong>Tytu\u0142 przelewu:<\/strong><br>Cele statutowe \u2013 Pielgrzymka<\/p>\n<\/div><\/div>\n\n<\/div><\/div><\/div><\/div>\n\n<\/div><\/div>","protected":false},"excerpt":{"rendered":"<p>Wesprzyj nas przez zrzutk\u0119 Przelew tradycyjny Nazwa odbiorcy:Stowarzyszenie M\u0142odzie\u017c Wszechpolska Numer konta:PLN 64 1020 1097 0000 7302 0100 9141IBAN: PLBIC (SWIFT):\u00a0BPKOPLPW Tytu\u0142 przelewu:Cele statutowe \u2013 Pielgrzymka<\/p>\n","protected":false},"author":1,"featured_media":0,"parent":0,"menu_order":0,"comment_status":"closed","ping_status":"closed","template":"","meta":{"_kad_post_transparent":"","_kad_post_title":"","_kad_post_layout":"fullwidth","_kad_post_sidebar_id":"","_kad_post_content_style":"unboxed","_kad_post_vertical_padding":"","_kad_post_feature":"","_kad_post_feature_position":"","_kad_post_header":false,"_kad_post_footer":false,"_kad_post_classname":"","footnotes":""},"class_list":["post-46","page","type-page","status-publish","hentry"],"_links":{"self":[{"href":"https:\/\/www.kosciolwalczacy.pl\/index.php\/wp-json\/wp\/v2\/pages\/46","targetHints":{"allow":["GET"]}}],"collection":[{"href":"https:\/\/www.kosciolwalczacy.pl\/index.php\/wp-json\/wp\/v2\/pages"}],"about":[{"href":"https:\/\/www.kosciolwalczacy.pl\/index.php\/wp-json\/wp\/v2\/types\/page"}],"author":[{"embeddable":true,"href":"https:\/\/www.kosciolwalczacy.pl\/index.php\/wp-json\/wp\/v2\/users\/1"}],"replies":[{"embeddable":true,"href":"https:\/\/www.kosciolwalczacy.pl\/index.php\/wp-json\/wp\/v2\/comments?post=46"}],"version-history":[{"count":46,"href":"https:\/\/www.kosciolwalczacy.pl\/index.php\/wp-json\/wp\/v2\/pages\/46\/revisions"}],"predecessor-version":[{"id":600,"href":"https:\/\/www.kosciolwalczacy.pl\/index.php\/wp-json\/wp\/v2\/pages\/46\/revisions\/600"}],"wp:attachment":[{"href":"https:\/\/www.kosciolwalczacy.pl\/index.php\/wp-json\/wp\/v2\/media?parent=46"}],"curies":[{"name":"wp","href":"https:\/\/api.w.org\/{rel}","templated":true}]}}