{"id":43,"date":"2026-01-15T12:26:11","date_gmt":"2026-01-15T12:26:11","guid":{"rendered":"https:\/\/www.kosciolwalczacy.pl\/?page_id=43"},"modified":"2026-01-15T18:22:48","modified_gmt":"2026-01-15T18:22:48","slug":"historia","status":"publish","type":"page","link":"https:\/\/www.kosciolwalczacy.pl\/index.php\/historia\/","title":{"rendered":"Historia"},"content":{"rendered":"\n<div class=\"wp-block-cover alignfull has-parallax\" style=\"margin-top:0;margin-bottom:0;padding-top:0;padding-right:0;padding-bottom:0;padding-left:0;min-height:604px;aspect-ratio:unset;\"><div role=\"img\" aria-label=\"Z\u0142ocony miecz o krzy\u017cowym jelcu na tle ciemnej sylwetki zabytkowego ko\u015bcio\u0142a, w z\u0142oto-czarnej kolorystyce.\" class=\"wp-block-cover__image-background wp-image-50 size-full has-parallax\" style=\"background-position:83% 64%;background-image:url(https:\/\/www.kosciolwalczacy.pl\/wp-content\/uploads\/2026\/01\/signal-2026-01-15-133227_002.jpeg)\"><\/div><span aria-hidden=\"true\" class=\"wp-block-cover__background has-theme-palette-3-background-color has-background-dim\"><\/span><div class=\"wp-block-cover__inner-container is-layout-constrained wp-container-core-cover-is-layout-f1253992 wp-block-cover-is-layout-constrained\">\n<p class=\"has-text-align-center has-large-font-size\">Historia Pielgrzymki<\/p>\n<\/div><\/div>\n","protected":false},"excerpt":{"rendered":"","protected":false},"author":1,"featured_media":0,"parent":0,"menu_order":0,"comment_status":"closed","ping_status":"closed","template":"","meta":{"_kad_post_transparent":"","_kad_post_title":"","_kad_post_layout":"fullwidth","_kad_post_sidebar_id":"","_kad_post_content_style":"unboxed","_kad_post_vertical_padding":"","_kad_post_feature":"","_kad_post_feature_position":"","_kad_post_header":false,"_kad_post_footer":false,"_kad_post_classname":"","footnotes":""},"class_list":["post-43","page","type-page","status-publish","hentry"],"_links":{"self":[{"href":"https:\/\/www.kosciolwalczacy.pl\/index.php\/wp-json\/wp\/v2\/pages\/43","targetHints":{"allow":["GET"]}}],"collection":[{"href":"https:\/\/www.kosciolwalczacy.pl\/index.php\/wp-json\/wp\/v2\/pages"}],"about":[{"href":"https:\/\/www.kosciolwalczacy.pl\/index.php\/wp-json\/wp\/v2\/types\/page"}],"author":[{"embeddable":true,"href":"https:\/\/www.kosciolwalczacy.pl\/index.php\/wp-json\/wp\/v2\/users\/1"}],"replies":[{"embeddable":true,"href":"https:\/\/www.kosciolwalczacy.pl\/index.php\/wp-json\/wp\/v2\/comments?post=43"}],"version-history":[{"count":4,"href":"https:\/\/www.kosciolwalczacy.pl\/index.php\/wp-json\/wp\/v2\/pages\/43\/revisions"}],"predecessor-version":[{"id":320,"href":"https:\/\/www.kosciolwalczacy.pl\/index.php\/wp-json\/wp\/v2\/pages\/43\/revisions\/320"}],"wp:attachment":[{"href":"https:\/\/www.kosciolwalczacy.pl\/index.php\/wp-json\/wp\/v2\/media?parent=43"}],"curies":[{"name":"wp","href":"https:\/\/api.w.org\/{rel}","templated":true}]}}