{"id":28,"date":"2026-01-15T12:18:22","date_gmt":"2026-01-15T12:18:22","guid":{"rendered":"https:\/\/www.kosciolwalczacy.pl\/?page_id=28"},"modified":"2026-03-02T10:53:09","modified_gmt":"2026-03-02T10:53:09","slug":"kontakt","status":"publish","type":"page","link":"https:\/\/www.kosciolwalczacy.pl\/index.php\/kontakt\/","title":{"rendered":"Kontakt"},"content":{"rendered":"\n<div class=\"wp-block-cover alignfull has-parallax\" style=\"margin-top:0;margin-bottom:0;padding-top:0;padding-right:0;padding-bottom:0;padding-left:0;min-height:604px;aspect-ratio:unset;\"><div role=\"img\" aria-label=\"Z\u0142ocony miecz o krzy\u017cowym jelcu na tle ciemnej sylwetki zabytkowego ko\u015bcio\u0142a, w z\u0142oto-czarnej kolorystyce.\" class=\"wp-block-cover__image-background wp-image-50 size-full has-parallax\" style=\"background-position:83% 64%;background-image:url(https:\/\/www.kosciolwalczacy.pl\/wp-content\/uploads\/2026\/01\/signal-2026-01-15-133227_002.jpeg)\"><\/div><span aria-hidden=\"true\" class=\"wp-block-cover__background has-theme-palette-3-background-color has-background-dim\"><\/span><div class=\"wp-block-cover__inner-container is-layout-constrained wp-container-core-cover-is-layout-f1253992 wp-block-cover-is-layout-constrained\">\n<p class=\"has-text-align-center has-larger-font-size\" style=\"border-top-left-radius:10px;border-top-right-radius:10px;border-bottom-left-radius:10px;border-bottom-right-radius:10px;font-style:normal;font-weight:700\">Kontakt<\/p>\n<\/div><\/div>\n\n\n\n<hr class=\"wp-block-separator has-text-color has-theme-palette-1-color has-alpha-channel-opacity has-theme-palette-1-background-color has-background is-style-wide\"\/>\n\n\n\n<h2 class=\"wp-block-heading has-text-align-center\">Skontaktuj si\u0119 z nami<\/h2>\n\n\n\n<p class=\"has-text-align-center\"><\/p>\n\n\n\n<h5 class=\"wp-block-heading has-text-align-center\" style=\"margin-right:0;margin-left:0\">511 254 879<br>pielgrzymka@kosciolwalczacy.pl<\/h5>\n\n\n\n<div class=\"wp-block-group is-content-justification-center is-nowrap is-layout-flex wp-container-core-group-is-layout-1cd38eea wp-block-group-is-layout-flex\" style=\"padding-top:var(--wp--preset--spacing--50);padding-right:var(--wp--preset--spacing--50);padding-bottom:var(--wp--preset--spacing--50);padding-left:var(--wp--preset--spacing--50)\"><div class=\"wp-block-image\">\n<figure class=\"aligncenter size-thumbnail\" style=\"margin-top:var(--wp--preset--spacing--40);margin-bottom:var(--wp--preset--spacing--40)\"><a href=\"http:\/\/mw.org.pl\"><img decoding=\"async\" width=\"150\" height=\"150\" src=\"https:\/\/www.kosciolwalczacy.pl\/wp-content\/uploads\/2026\/01\/Sygnet-MW-\u2013-czarny-150x150.png\" alt=\"\" class=\"wp-image-329\" srcset=\"https:\/\/www.kosciolwalczacy.pl\/wp-content\/uploads\/2026\/01\/Sygnet-MW-\u2013-czarny-150x150.png 150w, https:\/\/www.kosciolwalczacy.pl\/wp-content\/uploads\/2026\/01\/Sygnet-MW-\u2013-czarny-300x300.png 300w, https:\/\/www.kosciolwalczacy.pl\/wp-content\/uploads\/2026\/01\/Sygnet-MW-\u2013-czarny-1024x1024.png 1024w, https:\/\/www.kosciolwalczacy.pl\/wp-content\/uploads\/2026\/01\/Sygnet-MW-\u2013-czarny-768x768.png 768w, https:\/\/www.kosciolwalczacy.pl\/wp-content\/uploads\/2026\/01\/Sygnet-MW-\u2013-czarny-1536x1536.png 1536w, https:\/\/www.kosciolwalczacy.pl\/wp-content\/uploads\/2026\/01\/Sygnet-MW-\u2013-czarny-2048x2048.png 2048w\" sizes=\"(max-width: 150px) 100vw, 150px\" \/><\/a><\/figure>\n<\/div>\n\n\n<p>ORGANIZATOR<br><br><strong>Stowarzyszenie M\u0142odzie\u017c Wszechpolska<\/strong><br>ul. Stawki 4B lok. U1<br>\n00-193 Warszawa\n<\/div>\n\n\n\n<p><\/p>\n","protected":false},"excerpt":{"rendered":"<p>Skontaktuj si\u0119 z nami 511 254 879pielgrzymka@kosciolwalczacy.pl ORGANIZATOR Stowarzyszenie M\u0142odzie\u017c Wszechpolskaul. Stawki 4B lok. U1 00-193 Warszawa<\/p>\n","protected":false},"author":1,"featured_media":0,"parent":0,"menu_order":0,"comment_status":"closed","ping_status":"closed","template":"","meta":{"_kad_post_transparent":"","_kad_post_title":"","_kad_post_layout":"fullwidth","_kad_post_sidebar_id":"","_kad_post_content_style":"unboxed","_kad_post_vertical_padding":"","_kad_post_feature":"","_kad_post_feature_position":"","_kad_post_header":false,"_kad_post_footer":false,"_kad_post_classname":"","footnotes":""},"class_list":["post-28","page","type-page","status-publish","hentry"],"_links":{"self":[{"href":"https:\/\/www.kosciolwalczacy.pl\/index.php\/wp-json\/wp\/v2\/pages\/28","targetHints":{"allow":["GET"]}}],"collection":[{"href":"https:\/\/www.kosciolwalczacy.pl\/index.php\/wp-json\/wp\/v2\/pages"}],"about":[{"href":"https:\/\/www.kosciolwalczacy.pl\/index.php\/wp-json\/wp\/v2\/types\/page"}],"author":[{"embeddable":true,"href":"https:\/\/www.kosciolwalczacy.pl\/index.php\/wp-json\/wp\/v2\/users\/1"}],"replies":[{"embeddable":true,"href":"https:\/\/www.kosciolwalczacy.pl\/index.php\/wp-json\/wp\/v2\/comments?post=28"}],"version-history":[{"count":41,"href":"https:\/\/www.kosciolwalczacy.pl\/index.php\/wp-json\/wp\/v2\/pages\/28\/revisions"}],"predecessor-version":[{"id":562,"href":"https:\/\/www.kosciolwalczacy.pl\/index.php\/wp-json\/wp\/v2\/pages\/28\/revisions\/562"}],"wp:attachment":[{"href":"https:\/\/www.kosciolwalczacy.pl\/index.php\/wp-json\/wp\/v2\/media?parent=28"}],"curies":[{"name":"wp","href":"https:\/\/api.w.org\/{rel}","templated":true}]}}