{"id":273,"date":"2026-01-15T17:13:43","date_gmt":"2026-01-15T17:13:43","guid":{"rendered":"https:\/\/www.kosciolwalczacy.pl\/?page_id=273"},"modified":"2026-01-20T20:32:41","modified_gmt":"2026-01-20T20:32:41","slug":"rota-slubow","status":"publish","type":"page","link":"https:\/\/www.kosciolwalczacy.pl\/index.php\/rota-slubow\/","title":{"rendered":"Rota \u015blub\u00f3w"},"content":{"rendered":"\n<div class=\"wp-block-cover alignfull has-parallax\" style=\"margin-top:0;margin-bottom:0;padding-top:0;padding-right:0;padding-bottom:0;padding-left:0;min-height:604px;aspect-ratio:unset;\"><div role=\"img\" aria-label=\"Po\u0142owa Szczerbca - miecza koronacyjnego kr\u00f3l\u00f3w Polski - zestawiona z krzy\u017cem z relikwiarza relikwii \u015awi\u0119tego Krzy\u017ca, na tle ciemnej sylwetki bazyliki na \u0141ysej G\u00f3rze, w z\u0142oto-czarnej kolorystyce.\" class=\"wp-block-cover__image-background wp-image-50 size-full has-parallax\" style=\"background-position:83% 64%;background-image:url(https:\/\/www.kosciolwalczacy.pl\/wp-content\/uploads\/2026\/01\/signal-2026-01-15-133227_002.jpeg)\"><\/div><span aria-hidden=\"true\" class=\"wp-block-cover__background has-theme-palette-3-background-color has-background-dim\"><\/span><div class=\"wp-block-cover__inner-container is-layout-constrained wp-container-core-cover-is-layout-f1253992 wp-block-cover-is-layout-constrained\">\n<p class=\"has-text-align-center has-larger-font-size\" style=\"border-top-left-radius:10px;border-top-right-radius:10px;border-bottom-left-radius:10px;border-bottom-right-radius:10px;font-style:normal;font-weight:700\">Rota \u015blub\u00f3w<br>Pielgrzymki Ko\u015bcio\u0142a Walcz\u0105cego<\/p>\n<\/div><\/div>\n\n\n\n<hr class=\"wp-block-separator has-text-color has-theme-palette-1-color has-alpha-channel-opacity has-theme-palette-1-background-color has-background is-style-wide\"\/>\n\n\n\n<div class=\"wp-block-group is-vertical is-content-justification-center is-layout-flex wp-container-core-group-is-layout-756510ff wp-block-group-is-layout-flex\" style=\"padding-right:var(--wp--preset--spacing--50);padding-left:var(--wp--preset--spacing--50)\">\n<h2 class=\"wp-block-heading has-text-align-center\">Rota \u015blub\u00f3w z\u0142o\u017conych przy grobie<br>\u015bwi\u0119tego Wojciecha podczas <br>Pielgrzymki Ko\u015bcio\u0142a Walcz\u0105cego<br>do Gniezna w 2025 roku<\/h2>\n\n\n\n<p style=\"text-align:justify;\">My, zebrani z ca\u0142ej Polski, prawowierni spadkobiercy odwiecznej pobo\u017cno\u015bci praojc\u00f3w naszych, padamy na kolana przed grobem \u015bwi\u0119tego Wojciecha \u2014 w roku jubileuszowym 2025, w dzie\u0144 beatyfikacji b\u0142ogos\u0142awionego ks. Stanis\u0142awa Streicha, w \u015bwi\u0119to Naj\u015bwi\u0119tszej Maryi Panny Wspomo\u017cycielki Wiernych, w 1700-lecie potwierdzenia kr\u00f3lewskiej godno\u015bci Pana naszego Jezusa Chrystusa na Soborze Nicejskim, w 1000-lecie koronacji pierwszych kr\u00f3l\u00f3w Polski, w setn\u0105 rocznic\u0119 ustanowienia przez papie\u017ca Piusa XI uroczysto\u015bci Chrystusa Kr\u00f3la. Pobudzeni tak wielkimi rocznicami, maj\u0105c w pami\u0119ci wielowiekow\u0105 opiek\u0119 Bo\u017c\u0105 nad Narodem Polskim oraz \u015aluby Lwowskie kr\u00f3la Jana Kazimierza z 1656 roku, \u015aluby M\u0142odzie\u017cy Akademickiej z 1936 roku i \u015aluby Jasnog\u00f3rskie, zainicjowane w 1956 roku przez b\u0142ogos\u0142awionego Stefana Kardyna\u0142a Wyszy\u0144skiego, Prymasa Tysi\u0105clecia \u2014 sk\u0142adamy nasz\u0105 przesz\u0142o\u015b\u0107 i przysz\u0142o\u015b\u0107 w d\u0142onie Naj\u015bwi\u0119tszej Maryi Panny.<br><br>Uroczy\u015bcie wi\u0119c Matk\u0119 Bo\u017c\u0105 i Kr\u00f3low\u0105 Korony Polskiej uznajemy na wieczne czasy za Matk\u0119 i Patronk\u0119 Narodu Polskiego. Oddajemy pod Twoj\u0105 przemo\u017cn\u0105 opiek\u0119, o Pani, wszystkie polskie rodziny, parafie, szko\u0142y, organizacje ko\u015bcielne i \u015bwieckie, naszych biskup\u00f3w i podleg\u0142ych im kap\u0142an\u00f3w, w\u0142adze samorz\u0105dowe i pa\u0144stwowe oraz wszystkie podleg\u0142e im instytucje i s\u0142u\u017cby.<ul>Przyrzekamy i \u015blubujemy!<\/ul>Ws\u0142uchani w mocarne g\u0142osy wielkiej przesz\u0142o\u015bci naszej, wpatrzeni w \u015bwietlane obrazy chwa\u0142y narodowej, wierzymy mocno, \u017ce Ojczyzna mi\u0142a wtedy tylko pot\u0119\u017cn\u0105 i szcz\u0119\u015bliw\u0105 b\u0119dzie, gdy przy Tobie i Synu Twoim jako c\u00f3ra najlepsza wytrwa na wieki.<ul>Przyrzekamy i \u015blubujemy!<\/ul>Przyrzekamy przeto i \u015blubujemy Chrystusowi Kr\u00f3lowi i Tobie, Kr\u00f3lowej naszej i Patronce, \u017ce zawsze i wsz\u0119dzie sta\u0107 b\u0119dziemy przy \u015awi\u0119tej Wierze Ko\u015bcio\u0142a Katolickiego, kt\u00f3ra, mimo wrogich jej nurt\u00f3w i idei, przekazywana jest niezmiennie od czas\u00f3w Aposto\u0142\u00f3w.<ul>Przyrzekamy i \u015blubujemy!<\/ul>Przyrzekamy i \u015blubujemy, \u017ce wiary naszej broni\u0107 i wed\u0142ug niej rz\u0105dzi\u0107 si\u0119 b\u0119dziemy w \u017cyciu naszym osobistym, rodzinnym, spo\u0142ecznym, narodowym i pa\u0144stwowym.<ul>Przyrzekamy i \u015blubujemy!<\/ul>Przyrzekamy, \u017ce jako podw\u0142adni pos\u0142uszni b\u0119dziemy ustanowionej nad nami w\u0142adzy zwierzchniej \u2014 we wszystkim z wy\u0142\u0105czeniem grzechu i tego, co na zgub\u0119 dusz ludzkich prowadzi; a jako prze\u0142o\u017ceni nie b\u0119dziemy u\u017cywa\u0107 w\u0142adzy naszej dla w\u0142asnych cel\u00f3w i ambicji, lecz dla szerzenia na ziemi Kr\u00f3lestwa Syna Twojego i budowania wielko\u015bci Narodu Polskiego.<ul>Przyrzekamy i \u015blubujemy!<\/ul>Przyrzekamy, \u017ce jako rycerze Ko\u015bcio\u0142a Walcz\u0105cego nie spoczniemy w potr\u00f3jnym boju z grzechem, diab\u0142em i \u015bwiatem. B\u0119dziemy walczy\u0107 ze swymi po\u017c\u0105dliwo\u015bciami, nie tylko wype\u0142niaj\u0105c przykazania i nakazane przez Ko\u015bci\u00f3\u0142 posty, ale staraj\u0105c si\u0119, zgodnie z roztropno\u015bci\u0105 i obowi\u0105zkami stanu, dok\u0142ada\u0107 sobie trud\u00f3w i ofiarowywa\u0107 je za odnow\u0119 moraln\u0105 w\u0142asn\u0105, hierarch\u00f3w Ko\u015bcio\u0142a w Polsce, w\u0142adz naszego pa\u0144stwa oraz ca\u0142ego Narodu Polskiego. B\u0119dziemy wszelkimi godziwymi sposobami zwalcza\u0107 idee przeciwne wierze i moralno\u015bci katolickiej, \u017cyciu i godno\u015bci cz\u0142owieka, zdrowemu rozumowi, suwerenno\u015bci Narodu Polskiego i niepodleg\u0142o\u015bci Pa\u0144stwa Polskiego.<ul>Przyrzekamy i \u015blubujemy!<\/ul>Przyrzekamy i \u015blubujemy, \u017ce z wszelk\u0105 usilno\u015bci\u0105 szerzy\u0107 b\u0119dziemy cze\u015b\u0107 i nabo\u017ce\u0144stwo dla Ciebie, Kr\u00f3lowo nasza i Matko, by\u015b s\u0142awiona by\u0142a zar\u00f3wno w polskich ko\u015bcio\u0142ach i domach, jak i na ulicach oraz w instytucjach publicznych.<ul>Przyrzekamy i \u015blubujemy!<\/ul>Przyjm nasze przyrzeczenia, o Pani nasza i Po\u015bredniczko, i zanie\u015b je przed tron Boga Wszechmog\u0105cego. A przyczyna \u015bwi\u0119tego Micha\u0142a Archanio\u0142a, Wodza Wojsk Niebieskich, oraz patron\u00f3w Polski: \u015bwi\u0119tego biskupa Wojciecha, \u015bwi\u0119tego biskupa Stanis\u0142awa, \u015bwi\u0119tego Stanis\u0142awa Kostki, \u015bwi\u0119tego Andrzeja Boboli i wszystkich \u015bwi\u0119tych \u2014 niech nas wspiera w ich wype\u0142nianiu.<ul>Amen<\/ul><\/p>\n<\/div>\n","protected":false},"excerpt":{"rendered":"<p>Rota \u015blub\u00f3w z\u0142o\u017conych przy grobie\u015bwi\u0119tego Wojciecha podczas Pielgrzymki Ko\u015bcio\u0142a Walcz\u0105cegodo Gniezna w 2025 roku My, zebrani z ca\u0142ej Polski, prawowierni spadkobiercy odwiecznej pobo\u017cno\u015bci praojc\u00f3w naszych, padamy na kolana przed grobem \u015bwi\u0119tego Wojciecha \u2014 w roku jubileuszowym 2025, w dzie\u0144 beatyfikacji b\u0142ogos\u0142awionego ks. Stanis\u0142awa Streicha, w \u015bwi\u0119to Naj\u015bwi\u0119tszej Maryi Panny Wspomo\u017cycielki Wiernych, w 1700-lecie potwierdzenia kr\u00f3lewskiej&#8230;<\/p>\n","protected":false},"author":1,"featured_media":0,"parent":0,"menu_order":0,"comment_status":"closed","ping_status":"closed","template":"","meta":{"_kad_post_transparent":"","_kad_post_title":"","_kad_post_layout":"fullwidth","_kad_post_sidebar_id":"","_kad_post_content_style":"unboxed","_kad_post_vertical_padding":"","_kad_post_feature":"","_kad_post_feature_position":"","_kad_post_header":false,"_kad_post_footer":false,"_kad_post_classname":"","footnotes":""},"class_list":["post-273","page","type-page","status-publish","hentry"],"_links":{"self":[{"href":"https:\/\/www.kosciolwalczacy.pl\/index.php\/wp-json\/wp\/v2\/pages\/273","targetHints":{"allow":["GET"]}}],"collection":[{"href":"https:\/\/www.kosciolwalczacy.pl\/index.php\/wp-json\/wp\/v2\/pages"}],"about":[{"href":"https:\/\/www.kosciolwalczacy.pl\/index.php\/wp-json\/wp\/v2\/types\/page"}],"author":[{"embeddable":true,"href":"https:\/\/www.kosciolwalczacy.pl\/index.php\/wp-json\/wp\/v2\/users\/1"}],"replies":[{"embeddable":true,"href":"https:\/\/www.kosciolwalczacy.pl\/index.php\/wp-json\/wp\/v2\/comments?post=273"}],"version-history":[{"count":9,"href":"https:\/\/www.kosciolwalczacy.pl\/index.php\/wp-json\/wp\/v2\/pages\/273\/revisions"}],"predecessor-version":[{"id":440,"href":"https:\/\/www.kosciolwalczacy.pl\/index.php\/wp-json\/wp\/v2\/pages\/273\/revisions\/440"}],"wp:attachment":[{"href":"https:\/\/www.kosciolwalczacy.pl\/index.php\/wp-json\/wp\/v2\/media?parent=273"}],"curies":[{"name":"wp","href":"https:\/\/api.w.org\/{rel}","templated":true}]}}