{"id":14,"date":"2026-01-15T12:12:07","date_gmt":"2026-01-15T12:12:07","guid":{"rendered":"https:\/\/www.kosciolwalczacy.pl\/?page_id=14"},"modified":"2026-01-26T23:39:51","modified_gmt":"2026-01-26T23:39:51","slug":"idea-pielgrzymki","status":"publish","type":"page","link":"https:\/\/www.kosciolwalczacy.pl\/index.php\/idea-pielgrzymki\/","title":{"rendered":"Idea"},"content":{"rendered":"\n<div class=\"wp-block-cover alignfull has-parallax\" style=\"margin-top:0;margin-bottom:0;padding-top:0;padding-right:0;padding-bottom:0;padding-left:0;min-height:604px;aspect-ratio:unset;\"><div role=\"img\" aria-label=\"Z\u0142ocony miecz o krzy\u017cowym jelcu na tle ciemnej sylwetki zabytkowego ko\u015bcio\u0142a, w z\u0142oto-czarnej kolorystyce.\" class=\"wp-block-cover__image-background wp-image-50 size-full has-parallax\" style=\"background-position:83% 64%;background-image:url(https:\/\/www.kosciolwalczacy.pl\/wp-content\/uploads\/2026\/01\/signal-2026-01-15-133227_002.jpeg)\"><\/div><span aria-hidden=\"true\" class=\"wp-block-cover__background has-theme-palette-3-background-color has-background-dim\"><\/span><div class=\"wp-block-cover__inner-container is-layout-constrained wp-container-core-cover-is-layout-f1253992 wp-block-cover-is-layout-constrained\">\n<p class=\"has-text-align-center has-larger-font-size\" style=\"border-top-left-radius:10px;border-top-right-radius:10px;border-bottom-left-radius:10px;border-bottom-right-radius:10px;font-style:normal;font-weight:700\">Idea Pielgrzymki<\/p>\n<\/div><\/div>\n\n\n\n<hr class=\"wp-block-separator has-text-color has-theme-palette-1-color has-alpha-channel-opacity has-theme-palette-1-background-color has-background is-style-wide\"\/>\n\n\n<style>.kb-row-layout-id14_2825bb-79 > .kt-row-column-wrap{align-content:start;}:where(.kb-row-layout-id14_2825bb-79 > .kt-row-column-wrap) > .wp-block-kadence-column{justify-content:start;}.kb-row-layout-id14_2825bb-79 > .kt-row-column-wrap{column-gap:var(--global-kb-gap-md, 2rem);row-gap:var(--global-kb-gap-md, 2rem);padding-top:var(--global-kb-spacing-sm, 1.5rem);padding-bottom:var(--global-kb-spacing-sm, 1.5rem);grid-template-columns:minmax(0, 1fr);}.kb-row-layout-id14_2825bb-79 > .kt-row-layout-overlay{opacity:0.30;}@media all and (max-width: 1024px){.kb-row-layout-id14_2825bb-79 > .kt-row-column-wrap{grid-template-columns:minmax(0, 1fr);}}@media all and (max-width: 767px){.kb-row-layout-id14_2825bb-79 > .kt-row-column-wrap{grid-template-columns:minmax(0, 1fr);}}<\/style><div class=\"kb-row-layout-wrap kb-row-layout-id14_2825bb-79 alignnone wp-block-kadence-rowlayout\"><div class=\"kt-row-column-wrap kt-has-1-columns kt-row-layout-equal kt-tab-layout-inherit kt-mobile-layout-row kt-row-valign-top\">\n<style>.kadence-column14_d55219-e7 > .kt-inside-inner-col,.kadence-column14_d55219-e7 > .kt-inside-inner-col:before{border-top-left-radius:0px;border-top-right-radius:0px;border-bottom-right-radius:0px;border-bottom-left-radius:0px;}.kadence-column14_d55219-e7 > .kt-inside-inner-col{column-gap:var(--global-kb-gap-sm, 1rem);}.kadence-column14_d55219-e7 > .kt-inside-inner-col{flex-direction:column;}.kadence-column14_d55219-e7 > .kt-inside-inner-col > .aligncenter{width:100%;}.kadence-column14_d55219-e7 > .kt-inside-inner-col:before{opacity:0.3;}.kadence-column14_d55219-e7{position:relative;}@media all and (max-width: 1024px){.kadence-column14_d55219-e7 > .kt-inside-inner-col{flex-direction:column;justify-content:center;}}@media all and (max-width: 767px){.kadence-column14_d55219-e7 > .kt-inside-inner-col{flex-direction:column;justify-content:center;}}<\/style>\n<div class=\"wp-block-kadence-column kadence-column14_d55219-e7\"><div class=\"kt-inside-inner-col\"><style>.kb-table-of-content-nav.kb-table-of-content-id14_00849f-81 .kb-table-of-content-wrap{padding-top:var(--global-kb-spacing-sm, 1.5rem);padding-right:var(--global-kb-spacing-sm, 1.5rem);padding-bottom:var(--global-kb-spacing-sm, 1.5rem);padding-left:var(--global-kb-spacing-sm, 1.5rem);}.kb-table-of-content-nav.kb-table-of-content-id14_00849f-81 .kb-table-of-contents-title-wrap{padding-top:0px;padding-right:0px;padding-bottom:0px;padding-left:0px;}.kb-table-of-content-nav.kb-table-of-content-id14_00849f-81 .kb-table-of-contents-title{font-size:var(--global-kb-font-size-lg, 2rem);font-weight:bold;font-style:normal;}.kb-table-of-content-nav.kb-table-of-content-id14_00849f-81 .kb-table-of-content-wrap .kb-table-of-content-list{font-weight:regular;font-style:normal;margin-top:var(--global-kb-spacing-sm, 1.5rem);margin-right:0px;margin-bottom:0px;margin-left:0px;}<\/style><\/div><\/div>\n\n<\/div><\/div>\n\n\n<div class=\"wp-block-group\"><div class=\"wp-block-group__inner-container is-layout-constrained wp-block-group-is-layout-constrained\">\n<div class=\"wp-block-group is-vertical is-content-justification-center is-layout-flex wp-container-core-group-is-layout-f0d1a7fd wp-block-group-is-layout-flex\" style=\"border-style:none;border-width:0px;margin-top:0;margin-bottom:0;padding-top:var(--wp--preset--spacing--40);padding-right:var(--wp--preset--spacing--60);padding-bottom:var(--wp--preset--spacing--40);padding-left:var(--wp--preset--spacing--60)\">\n<h2 class=\"wp-block-heading\" id=\"dlaczego-pielgrzymujemy\">Dlaczego pielgrzymujemy?<\/h2>\n\n\n\n<p style=\"text-align:justify;\">Jubileuszowy rok 2025 jest czasem wielkich rocznic. Zach\u0119ceni do pielgrzymowania przez papie\u017ca Franciszka, kt\u00f3ry og\u0142osi\u0142, \u017ce b\u0119dziemy prze\u017cywa\u0107 ten rok pod has\u0142em \u201ePielgrzymi nadziei\u201d, postanowili\u015bmy uczci\u0107 1000-lecie koronacji Boles\u0142awa Chrobrego w\u0142a\u015bnie pielgrzymk\u0105.<br><br>Oczywistym kierunkiem jest gr\u00f3b \u015bw. Wojciecha w gnie\u017anie\u0144skiej archikatedrze, przed kt\u00f3rym chcieliby\u015bmy \u015blubowa\u0107 Chrystusowi wytrwanie w wierze ojc\u00f3w, kt\u00f3r\u0105 rozkrzewili w naszym narodzie Piastowie. W tym roku przypada tak\u017ce 1700-lecie potwierdzenia kr\u00f3lewskiej godno\u015bci Chrystusa przez Sob\u00f3r Nicejski oraz 100-lecie ustanowienia \u015awi\u0119ta Chrystusa Kr\u00f3la przez papie\u017ca Piusa XI encyklik\u0105 Quas Primas.<br><br>Z tego powodu w szczeg\u00f3lny spos\u00f3b chcemy podkre\u015bli\u0107, \u017ce Chrystus Pan jest naszym Kr\u00f3lem, a my Jego poddanymi. Niestety wielu katolik\u00f3w dzisiaj zapomnia\u0142o, \u017ce naszym obowi\u0105zkiem jest walka o Chrystusowe prawo i \u015bwi\u0119t\u0105 wiar\u0119. Rozpowszechni\u0142 si\u0119 indyferentyzm religijny, modernizm i upadek obyczaj\u00f3w.<br><br>Dlatego chcemy pielgrzymowa\u0107 pod sztandarem Ko\u015bcio\u0142a Walcz\u0105cego \u2013 zapraszamy wszystkich, kt\u00f3rzy si\u0119 do niego poczuwaj\u0105.<\/p>\n\n\n\n<h2 class=\"wp-block-heading\" id=\"Stany-Ko\u015bcio\u0142a-Chrystusowego\">Stany Ko\u015bcio\u0142a Chrystusowego<\/h2>\n\n\n\n<p style=\"text-align:justify;\">Wed\u0142ug tradycyjnej nauki s\u0105 trzy stany Ko\u015bcio\u0142a Chrystusowego. Ten w niebie, zwany triumfuj\u0105cym (Ecclesia triumphans), ten w czy\u015b\u0107cu, zwany cierpi\u0105cym lub pokutuj\u0105cym (Ecclesia patiens lub poenitens), i ten na ziemi, kt\u00f3ry przez wieki by\u0142 nazywany walcz\u0105cym albo wojuj\u0105cym (Ecclesia militans), a teraz cz\u0119\u015bciej mo\u017cna us\u0142ysze\u0107 o nim jako o Ko\u015bciele pielgrzymuj\u0105cym (Ecclesia peregrinans). Do powrotu do tradycyjnego nazewnictwa zach\u0119ca\u0142 nas sam \u015bwi\u0119tej pami\u0119ci papie\u017c Benedykt XVI:<\/p>\n\n\n\n<blockquote class=\"wp-block-quote is-layout-flow wp-block-quote-is-layout-flow\">\n<p class=\"has-text-align-center\">\u201ePoj\u0119cie Ecclesia militans \u2013 Ko\u015bcio\u0142a wojuj\u0105cego \u2013 nie jest dzi\u015b modne \u2013 stwierdzi\u0142 Papie\u017c. \u2013 W rzeczywisto\u015bci jednak coraz lepiej rozumiemy, \u017ce jest prawdziwe, oddaje co\u015b z prawdy. Widzimy, \u017ce z\u0142o chce opanowa\u0107 \u015bwiat i konieczne jest podj\u0119cie walki ze z\u0142em. Widzimy, \u017ce z\u0142o pos\u0142uguje si\u0119 w tym wieloma sposobami: okrutnymi, uciekaj\u0105c si\u0119 do r\u00f3\u017cnych form przemocy, ale te\u017c udaje dobro i w ten spos\u00f3b narusza moralne fundamenty spo\u0142ecze\u0144stwa. \u015aw. Augustyn powiedzia\u0142, \u017ce ca\u0142a historia jest walk\u0105 dw\u00f3ch mi\u0142o\u015bci: mi\u0142o\u015bci w\u0142asnej, a\u017c do pogardzania Bogiem, i mi\u0142o\u015bci Boga, a\u017c do pogardzania sob\u0105 w m\u0119cze\u0144stwie. My uczestniczymy w tej walce, a w walce wa\u017cne jest mie\u0107 przyjaci\u00f3\u0142. Ja mam wok\u00f3\u0142 siebie przyjaci\u00f3\u0142 z Kolegium Kardynalskiego. To s\u0105 moi przyjaciele, z nimi czuj\u0119 si\u0119 jak w domu, czuj\u0119 si\u0119 pewnie w tym towarzystwie wielkich przyjaci\u00f3\u0142, kt\u00f3rzy s\u0105 ze mn\u0105 i s\u0105, wszyscy razem, z Panem Bogiem. Dzi\u0119kuj\u0119 wam za t\u0119 jedno\u015b\u0107 w rado\u015bciach i b\u00f3lach. Idziemy naprz\u00f3d. Pan powiedzia\u0142: \u00abOdwagi, Jam zwyci\u0119\u017cy\u0142 \u015bwiat\u00bb. Jeste\u015bmy w \u00abdru\u017cynie\u00bb Pana, a zatem w dru\u017cynie zwyci\u0119skiej.\u201d<\/p>\n<\/blockquote>\n\n\n\n<p style=\"text-align:justify;\">Czym Ko\u015bci\u00f3\u0142 Walcz\u0105cy jest najlepiej definiuje Katechizm Soboru Trydenckiego:\n\u201eIstniej\u0105 dwie g\u0142\u00f3wne cz\u0119\u015bci Ko\u015bcio\u0142a: triumfuj\u0105cy i walcz\u0105cy. Pierwsza jest wspania\u0142ym i szcz\u0119\u015bliwym zgromadzeniem b\u0142ogos\u0142awionych duch\u00f3w i tych, kt\u00f3rzy zatriumfowali nad \u015bwiatem, cia\u0142em i perfidnym diab\u0142em. Wolni i bezpieczni od n\u0119ka\u0144 tego \u017cycia, ciesz\u0105 si\u0119 wieczn\u0105 b\u0142ogo\u015bci\u0105. Druga to og\u00f3\u0142 wiernych, kt\u00f3rzy wci\u0105\u017c \u017cyj\u0105 na ziemi. Jest ona nazywana wojownicz\u0105, poniewa\u017c jej cz\u0142onkowie musz\u0105 zawsze walczy\u0107 z tymi strasznymi wrogami, kt\u00f3rymi s\u0105 \u015bwiat, cia\u0142o i diabe\u0142. Nie powinno to jednak oznacza\u0107, \u017ce s\u0105 to dwa Ko\u015bcio\u0142y; ale raczej, jak powiedzieli\u015bmy, dwie cz\u0119\u015bci tego samego Ko\u015bcio\u0142a, z kt\u00f3rych jedna wyprzedzi\u0142a i jest ju\u017c w posiadaniu niebia\u0144skiej ojczyzny; druga pod\u0105\u017ca za ziemi\u0105 a\u017c do dnia, w kt\u00f3rym zjednoczona ze Zbawicielem spocznie w wiecznej szcz\u0119\u015bliwo\u015bci.\u201d<\/p>\n\n\n\n<h2 class=\"wp-block-heading\" id=\"Walka-Ko\u015bcio\u0142a-na-ziemi\">Walka Ko\u015bcio\u0142a na ziemi<\/h2>\n\n\n\n<p style=\"text-align:justify;\">Walka Ko\u015bcio\u0142a na ziemi jest oczywi\u015bcie w pierwszej mierze walk\u0105 duchow\u0105. Jest to codzienne zmaganie si\u0119 z w\u0142asnymi s\u0142abo\u015bciami, codzienna pr\u00f3ba odrzucania grzech\u00f3w i post\u0119powania w cnotach, codzienne stawianie czo\u0142a Szatanowi i swoim po\u017c\u0105dliwo\u015bciom. Dlatego te\u017c w Ksi\u0119dze Hioba pada pytanie: &#8222;Czy\u017c nie do bojowania podobny jest \u017cywot cz\u0142owieczy?&#8221; Jak podkre\u015bla jednak papie\u017c Pius XI w encyklice Quas Primas, kt\u00f3rej stulecie napisania w tym roku obchodzimy, walka katolik\u00f3w powinna mie\u0107 miejsce tak\u017ce w spo\u0142ecze\u0144stwie, bo \u201enie ma tu \u017cadnej r\u00f3\u017cnicy mi\u0119dzy jednostkami, rodzinami czy pa\u0144stwami, poniewa\u017c ludzie z\u0142\u0105czeni w spo\u0142ecze\u0144stwie niemniej podlegaj\u0105 w\u0142adzy Chrystusa, jak jednostki. Zaiste On jest \u017ar\u00f3d\u0142em zbawienia dla pojedynczych ludzi, jak i dla og\u00f3\u0142u: 'I nie masz w \u017cadnym innym zbawienia. Albowiem nie jest pod niebem inne imi\u0119 dane ludziom, w kt\u00f3rym mieliby\u015bmy by\u0107 zbawieni&#8217; (Dz 4,12)\u201d. On sam jest sprawc\u0105 pomy\u015blno\u015bci i prawdziwej szcz\u0119\u015bliwo\u015bci tak dla pojedynczych obywateli, jak dla pa\u0144stwa: &#8222;Nie sk\u0105din\u0105d bowiem szcz\u0119\u015bcie dla pa\u0144stwa, a sk\u0105din\u0105d dla cz\u0142owieka: poniewa\u017c pa\u0144stwo, to nic innego, jak zgodny zesp\u00f3l ludzi&#8221; (\u015bw. Augustyn, List do Macedo\u0144czyk\u00f3w, rozdz. 3).\n(&#8230;) O jakiej\u017ce szcz\u0119\u015bliwo\u015bci za\u017cywaliby\u015bmy, gdyby tak jednostki, jak rodziny i pa\u0144stwa pozwoli\u0142y, by Chrystus nimi kierowa\u0142. \u201eWtedy dopiero \u2013 \u017ce u\u017cyjemy s\u0142\u00f3w, jakie przed 25 laty wypowiedzia\u0142 do wszystkich Biskup\u00f3w, Poprzednik Nasz Leon XIII \u2013 b\u0119dzie mo\u017cna uleczy\u0107 tyle ran, wtedy wszelkie prawo odzyska sw\u0105 dawn\u0105 powag\u0119, powr\u00f3ci pok\u00f3j, wypadn\u0105 z r\u0105k miecze i bro\u0144, kiedy wszyscy ch\u0119tnie przyjm\u0105 panowanie Chrystusa i b\u0119d\u0105 Mu pos\u0142uszni, kiedy wszelki j\u0119zyk wyznawa\u0142 b\u0119dzie, i\u017c Pan Nasz Jezus Chrystus jest w chwale Boga Ojca\u201d (Encyklika Annum Sanctum).<br><br>Poniewa\u017c \u015bwiat pe\u0142en jest idei i nurt\u00f3w wrogich idei kr\u00f3lowania Chrystusa, my, jako Jego wierni poddani, musimy prowadzi\u0107 nieustann\u0105 walk\u0119 o nawracanie dusz i o wprowadzenie \u015bwi\u0119tych praw wiary katolickiej do naszych rodzin i pa\u0144stw. Jak pisa\u0142 dalej Pius XI: \u201eSt\u0105d wielk\u0105 \u017cywimy nadziej\u0119, \u017ce \u015bwi\u0119to Chrystusa Kr\u00f3la, odt\u0105d corocznie obchodzone, rych\u0142o sprowadzi z powrotem spo\u0142ecze\u0144stwo do Najukocha\u0144szego Zbawcy\u201d. Oczywi\u015bcie, by\u0142oby to rzecz\u0105 katolik\u00f3w przygotowa\u0107 i przyspieszy\u0107 prac\u0105 sw\u0105 i dzia\u0142alno\u015bci\u0105 ten powr\u00f3t; jednakowo\u017c wielu z nich, zda si\u0119, ani nie zajmuje w \u017cyciu spo\u0142ecznym stanowiska, ani nie ma tej powagi, co przystoi tym, kt\u00f3rzy nios\u0105 pochodni\u0119 prawdy. Mo\u017ce to niekorzystne po\u0142o\u017cenie nale\u017cy przypisa\u0107 opiesza\u0142o\u015bci lub boja\u017aliwo\u015bci dobrych, kt\u00f3rzy wstrzymuj\u0105 si\u0119 od walki lub zbyt mi\u0119kko si\u0119 sprzeciwiaj\u0105; skutkiem czego wrogowie Ko\u015bcio\u0142a nabieraj\u0105 wi\u0119kszej zuchwa\u0142o\u015bci i odwagi. Atoli, gdyby wszyscy wierni zrozumieli, \u017ce maj\u0105 obowi\u0105zek pod sztandarami Chrystusa Kr\u00f3la odwa\u017cnie i wci\u0105\u017c walczy\u0107, wtedy by z apostolsk\u0105 gorliwo\u015bci\u0105 starali si\u0119 pojedna\u0107 z Bogiem.&#8221;<br><br>Cho\u0107 wiele jest dzisiaj szkodliwych tre\u015bci i b\u0142\u0119dnych my\u015bli, przed kt\u00f3rymi trzeba chroni\u0107 zar\u00f3wno nasze dzieci i rodziny, jak i pa\u0144stwo oraz przestrze\u0144 publiczn\u0105, to nasza walka nie mo\u017ce ko\u0144czy\u0107 si\u0119 na okopaniu we w\u0142asnej twierdzy. \u015awi\u0119ty Maksymilian Maria Kolbe, pisz\u0105c o misji Rycerstwa Niepokalanej, wspomina\u0142: \u201eMusimy nie tylko broni\u0107 wiary, przyczynia\u0107 si\u0119 do zbawienia dusz, ale w brawurowym ataku, nie pami\u0119taj\u0105c zupe\u0142nie o sobie, zdobywa\u0107 dla Niepokalanej dusz\u0119 po duszy, plac\u00f3wk\u0119 po plac\u00f3wce, zatkn\u0105\u0107 Jej sztandary na wydawnictwach dziennik\u00f3w, prasy periodycznej i nieperiodycznej, agencjach prasowych, antenach radiowych, pa\u0142acach sztuki, literatury, teatrach, kinach, sejmach i senatach, s\u0142owem wsz\u0119dzie po ca\u0142ym \u015bwiecie, i dopilnowa\u0107, by nikt nigdy nie zdo\u0142a\u0142 tych sztandar\u00f3w usun\u0105\u0107.\u201d<\/p>\n\n\n\n<h2 class=\"wp-block-heading\" id=\"Ko\u015bci\u00f3\u0142-i-Wojna\">Ko\u015bci\u00f3\u0142 i Wojna<\/h2>\n\n\n\n<p style=\"text-align:justify;\">Ko\u015bci\u00f3\u0142 niejednokrotnie musia\u0142 chwyta\u0107 tak\u017ce za or\u0119\u017c fizyczny. Kiedy za\u015b taka sytuacja mia\u0142a miejsce, walka zbrojna by\u0142a nie tylko usprawiedliwiona, ale mog\u0142a by\u0107 r\u00f3wnie\u017c zas\u0142ug\u0105. Jak pisa\u0142 w Pochwale nowego rycerstwa \u015bw. Bernardyn z Clairvaux: \u201eLecz rycerze Chrystusa walcz\u0105 w pe\u0142ni bezpieczni w bojach ich Pana, bowiem zabijaj\u0105c nieprzyjaciela, nie musz\u0105 oni obawia\u0107 si\u0119 zniewa\u017cenia Boga i nie nara\u017caj\u0105 si\u0119 na niebezpiecze\u0144stwo, gdy sami zostaj\u0105 zabici. Dla Jezusa Chrystusa bowiem zadaj\u0105 lub otrzymuj\u0105 \u015bmiertelny cios i tym samym nie tylko nie obra\u017caj\u0105 Boga, lecz zyskuj\u0105 wielk\u0105 chwa\u0142\u0119. W rzeczy samej, je\u017celi zabijaj\u0105, to robi\u0105 to dla Pana, a je\u017celi sami zostaj\u0105 zabici, to Pan jest dla nich. Lecz je\u015bli zabicie nieprzyjaciela i zemsta jest mu mi\u0142a, lepiej jest im podda\u0107 si\u0119 rycerzowi, aby go pocieszy\u0107.\u201d<br><br>I tak walczyli mieczem wojownicy rekonkwisty na P\u00f3\u0142wyspie Iberyjskim, a b\u0142ogos\u0142awi\u0142 im sam \u015awi\u0119ty Jakub. Swoj\u0105 zbrojn\u0105 pielgrzymk\u0105 wyprawiali si\u0119 do Ziemi \u015awi\u0119tej rycerze krucjat. Doskonale znana nam jest chwalebna obrona Wiednia. Wiele razy musieli katolicy walczy\u0107 z muzu\u0142manami. Innym razem trzeba by\u0142o broni\u0107 wiary przed protestantami, jak podczas Sacco di Roma, albo Pielgrzymki \u0141aski w Anglii. Musieli wierni synowie Ko\u015bcio\u0142a przelewa\u0107 sw\u0105 krew, walcz\u0105c z bezbo\u017cnictwem podczas powstania w Wandei, Christiady w Meksyku, hiszpa\u0144skiej krucjaty antykomunistycznej, albo obrony Europy podczas Cudu nad Wis\u0142\u0105.<br><br>Nie obce by\u0142o Ko\u015bcio\u0142owi przez wieki poj\u0119cie wojny sprawiedliwej, tak dalekie od pacyfizmu, kt\u00f3ry niekt\u00f3rzy wsp\u00f3\u0142cze\u015bni pr\u00f3buj\u0105 przypisa\u0107 chrze\u015bcija\u0144stwu. Papie\u017ce i \u015bwi\u0119ci nie tylko nie pot\u0119piali szlachetnych czyn\u00f3w zbrojnych, ale cz\u0119sto do nich zach\u0119cali i udzielali im b\u0142ogos\u0142awie\u0144stwa. W kalendarzu liturgicznym znajduje si\u0119 wiele \u015bwi\u0105t ustanowionych na pami\u0105tk\u0119 zwyci\u0119skich bitew chrze\u015bcijan:\n<ul>\n<li>Naj\u015bwi\u0119tszego Imienia Maryi (12 wrze\u015bnia) \u2013 ustanowione przez papie\u017ca Innocentego XI na pami\u0105tk\u0119 zwyci\u0119stwa wojsk chrze\u015bcija\u0144skich nad Turkami pod Wiedniem w 1683 roku.<\/li>\n<li>Matki Bo\u017cej R\u00f3\u017ca\u0144cowej (7 pa\u017adziernika) \u2013 wprowadzone przez papie\u017ca Piusa V po bitwie pod Lepanto w 1571 roku, przypisywane wstawiennictwu Maryi i modlitwie r\u00f3\u017ca\u0144cowej.<\/li>\n<li>Podwy\u017cszenie Krzy\u017ca \u015awi\u0119tego (14 wrze\u015bnia) \u2013 nawi\u0105zuje do odzyskania relikwii Krzy\u017ca \u015awi\u0119tego przez cesarza Herakliusza w 628 roku.<\/li><\/ul>Ponadto wielu uczestnik\u00f3w tych wydarze\u0144 jest czczonych jako \u015bwi\u0119tych, a pie\u015b\u0144 krucjat Salve Regina zosta\u0142a w\u0142\u0105czona do brewiarza. Co wi\u0119cej, w ka\u017cde po\u0142udnie dzwony bij\u0105 we wszystkich ko\u015bcio\u0142ach \u2013 dzieje si\u0119 tak od 1456 roku, kiedy to papie\u017c nakaza\u0142 t\u0119 praktyk\u0119, by wzywa\u0107 do modlitwy za obro\u0144c\u00f3w Belgradu.<\/p>\n\n\n\n<h2 class=\"wp-block-heading\" id=\"Dlaczego-Ko\u015bci\u00f3\u0142-Walcz\u0105cy\">Dlaczego Ko\u015bci\u00f3\u0142 Walcz\u0105cy?<\/h2>\n\n\n\n<p style=\"text-align:justify;\">Nie da si\u0119 nie zauwa\u017cy\u0107, jak zr\u00f3s\u0142 si\u0119 j\u0119zyk militarystyczny z j\u0119zykiem duchowym. Naprz\u00f3d przez odniesienia do Starego Testamentu, gdzie staro\u017cytne starcia Izraelit\u00f3w zapowiada\u0142y potyczki duchowe Chrze\u015bcijan. Jednak\u017ce i Nowy Testament pe\u0142en jest odniesie\u0144 do miecza i walki. Jedno z wybitniejszych dzie\u0142 katolickiej duchowo\u015bci, napisane przez Wawrzy\u0144ca Scupoli, nosi wdzi\u0119czn\u0105 nazw\u0119 &#8222;Walka duchowa&#8221;. Kim jest Micha\u0142 Archanio\u0142, jak nie niebia\u0144skim wojownikiem, prowadz\u0105cym zast\u0119py anielskie w b\u00f3j przeciwko Szatanowi? Kim jest Naj\u015bwi\u0119tsza Maryja Panna, jak nie nasz\u0105 Kr\u00f3low\u0105 i Hetmank\u0105? Kim jest wreszcie Chrystus Kr\u00f3l, jak nie naszym Wodzem i najwy\u017cszym Zwierzchnikiem? Sk\u0105d sen \u015bwi\u0119tego Jana Bosco o papieskim okr\u0119cie wojennym? Sk\u0105d \u0106wiczenia duchowe \u015bwi\u0119tego Ignacego Loyoli, oparte na rozmy\u015blaniu o wielkiej armii Boga, szykuj\u0105cej si\u0119 do starcia z armi\u0105 szata\u0144sk\u0105? By\u0107 mo\u017ce st\u0105d, \u017ce dla \u017co\u0142nierza na wojnie codziennym obowi\u0105zkiem jest praktykowanie cn\u00f3t w stopniu heroicznym. Na co dzie\u0144 bowiem nara\u017caj\u0105 w\u0142asne \u017cycie dla obrony ojczyzny, przyjaci\u00f3\u0142, czy ze wzgl\u0119du na pos\u0142usze\u0144stwo, dla wykonania rozkazu. Mo\u017ce st\u0105d, \u017ce \u0142aci\u0144skie &#8222;virtus&#8221;, oznaczaj\u0105ce cnot\u0119, oznacza r\u00f3wnie\u017c m\u0119stwo, bo pierwotnie u\u017cywano tego terminu na okre\u015blenie odwagi wojownik\u00f3w, a p\u00f3\u017aniej rozci\u0105gni\u0119to je tak\u017ce na inne dziedziny. Dwutysi\u0105cletnie dziedzictwo Ko\u015bcio\u0142a Katolickiego m\u00f3wi nam, \u017ce jeste\u015bmy na wojnie. Na \u015bwi\u0119tej wojnie ze \u015bwiatem, cia\u0142em i diab\u0142em. Postawa bierno\u015bci, pacyfizmu i dialogowania ze z\u0142em nie sprawi, \u017ce wojna zniknie, ale \u017ce wymrzemy. Je\u017celi stracimy ducha walki, to rych\u0142o polegniemy. Dlatego wi\u0119c jeste\u015bmy Ko\u015bcio\u0142em pielgrzymuj\u0105cym, kt\u00f3ry zmierza do Niebieskiego Jeruzalem. Na drodze jednak czyhaj\u0105 na nas wrogowie, dlatego ka\u017cdy pielgrzym musi mie\u0107 przy sobie miecz, by z mi\u0142o\u015bci do Chrystusa zwyci\u0119\u017ca\u0107 swoje grzechy i s\u0142abo\u015bci, a p\u00f3\u017aniej wywalczy\u0107 dla Niego nale\u017cne miejsce w rodzinach, narodzie, pa\u0144stwie i na \u015bwiecie. Musimy wi\u0119c podnie\u015b\u0107 sztandar Ko\u015bcio\u0142a Walcz\u0105cego, by pod nim walczy\u0107 o swoje dusze i na ko\u0144cu m\u00f3c powt\u00f3rzy\u0107 za \u015bwi\u0119tym Paw\u0142em: \u201eDobry b\u00f3j stoczy\u0142em, bieg uko\u0144czy\u0142em, wiar\u0119 zachowa\u0142em.\u201d<br><br><strong>Niech \u017cyje Chrystus Kr\u00f3l!<\/strong>\n<\/div>\n<\/div><\/div>\n\n\n<style>.kb-row-layout-id14_c21097-31 > .kt-row-column-wrap{align-content:start;}:where(.kb-row-layout-id14_c21097-31 > .kt-row-column-wrap) > .wp-block-kadence-column{justify-content:start;}.kb-row-layout-id14_c21097-31 > .kt-row-column-wrap{column-gap:var(--global-kb-gap-md, 2rem);row-gap:var(--global-kb-gap-md, 2rem);padding-top:var(--global-kb-spacing-sm, 1.5rem);padding-bottom:var(--global-kb-spacing-sm, 1.5rem);grid-template-columns:minmax(0, 1fr);}.kb-row-layout-id14_c21097-31 > .kt-row-layout-overlay{opacity:0.30;}@media all and (max-width: 1024px){.kb-row-layout-id14_c21097-31 > .kt-row-column-wrap{grid-template-columns:minmax(0, 1fr);}}@media all and (max-width: 767px){.kb-row-layout-id14_c21097-31 > .kt-row-column-wrap{grid-template-columns:minmax(0, 1fr);}}<\/style><div class=\"kb-row-layout-wrap kb-row-layout-id14_c21097-31 alignnone wp-block-kadence-rowlayout\"><div class=\"kt-row-column-wrap kt-has-1-columns kt-row-layout-equal kt-tab-layout-inherit kt-mobile-layout-row kt-row-valign-top\">\n<style>.kadence-column14_6e8922-77 > .kt-inside-inner-col,.kadence-column14_6e8922-77 > .kt-inside-inner-col:before{border-top-left-radius:0px;border-top-right-radius:0px;border-bottom-right-radius:0px;border-bottom-left-radius:0px;}.kadence-column14_6e8922-77 > .kt-inside-inner-col{column-gap:var(--global-kb-gap-sm, 1rem);}.kadence-column14_6e8922-77 > .kt-inside-inner-col{flex-direction:column;}.kadence-column14_6e8922-77 > .kt-inside-inner-col > .aligncenter{width:100%;}.kadence-column14_6e8922-77 > .kt-inside-inner-col:before{opacity:0.3;}.kadence-column14_6e8922-77{position:relative;}@media all and (max-width: 1024px){.kadence-column14_6e8922-77 > .kt-inside-inner-col{flex-direction:column;justify-content:center;}}@media all and (max-width: 767px){.kadence-column14_6e8922-77 > .kt-inside-inner-col{flex-direction:column;justify-content:center;}}<\/style>\n<div class=\"wp-block-kadence-column kadence-column14_6e8922-77\"><div class=\"kt-inside-inner-col\"><\/div><\/div>\n\n<\/div><\/div>\n\n\n<p><\/p>\n","protected":false},"excerpt":{"rendered":"<p>Dlaczego pielgrzymujemy? Jubileuszowy rok 2025 jest czasem wielkich rocznic. Zach\u0119ceni do pielgrzymowania przez papie\u017ca Franciszka, kt\u00f3ry og\u0142osi\u0142, \u017ce b\u0119dziemy prze\u017cywa\u0107 ten rok pod has\u0142em \u201ePielgrzymi nadziei\u201d, postanowili\u015bmy uczci\u0107 1000-lecie koronacji Boles\u0142awa Chrobrego w\u0142a\u015bnie pielgrzymk\u0105. Oczywistym kierunkiem jest gr\u00f3b \u015bw. Wojciecha w gnie\u017anie\u0144skiej archikatedrze, przed kt\u00f3rym chcieliby\u015bmy \u015blubowa\u0107 Chrystusowi wytrwanie w wierze ojc\u00f3w, kt\u00f3r\u0105 rozkrzewili w&#8230;<\/p>\n","protected":false},"author":1,"featured_media":0,"parent":0,"menu_order":0,"comment_status":"closed","ping_status":"closed","template":"","meta":{"_kad_post_transparent":"","_kad_post_title":"","_kad_post_layout":"fullwidth","_kad_post_sidebar_id":"","_kad_post_content_style":"unboxed","_kad_post_vertical_padding":"","_kad_post_feature":"","_kad_post_feature_position":"","_kad_post_header":false,"_kad_post_footer":false,"_kad_post_classname":"","footnotes":""},"class_list":["post-14","page","type-page","status-publish","hentry"],"_links":{"self":[{"href":"https:\/\/www.kosciolwalczacy.pl\/index.php\/wp-json\/wp\/v2\/pages\/14","targetHints":{"allow":["GET"]}}],"collection":[{"href":"https:\/\/www.kosciolwalczacy.pl\/index.php\/wp-json\/wp\/v2\/pages"}],"about":[{"href":"https:\/\/www.kosciolwalczacy.pl\/index.php\/wp-json\/wp\/v2\/types\/page"}],"author":[{"embeddable":true,"href":"https:\/\/www.kosciolwalczacy.pl\/index.php\/wp-json\/wp\/v2\/users\/1"}],"replies":[{"embeddable":true,"href":"https:\/\/www.kosciolwalczacy.pl\/index.php\/wp-json\/wp\/v2\/comments?post=14"}],"version-history":[{"count":44,"href":"https:\/\/www.kosciolwalczacy.pl\/index.php\/wp-json\/wp\/v2\/pages\/14\/revisions"}],"predecessor-version":[{"id":532,"href":"https:\/\/www.kosciolwalczacy.pl\/index.php\/wp-json\/wp\/v2\/pages\/14\/revisions\/532"}],"wp:attachment":[{"href":"https:\/\/www.kosciolwalczacy.pl\/index.php\/wp-json\/wp\/v2\/media?parent=14"}],"curies":[{"name":"wp","href":"https:\/\/api.w.org\/{rel}","templated":true}]}}